{"id":3935,"date":"2022-10-13T07:39:02","date_gmt":"2022-10-13T05:39:02","guid":{"rendered":"http:\/\/test.lagomaggioreboat.it\/mete\/"},"modified":"2024-08-12T10:39:17","modified_gmt":"2024-08-12T08:39:17","slug":"destination","status":"publish","type":"page","link":"https:\/\/www.lagomaggioreboat.it\/fr\/destination\/","title":{"rendered":"Destinations"},"content":{"rendered":"\t\t<div data-elementor-type=\"wp-page\" data-elementor-id=\"3935\" class=\"elementor elementor-3935 elementor-1126\">\n\t\t\t\t\t\t<section class=\"elementor-section elementor-top-section elementor-element elementor-element-78bbaf0 elementor-section-boxed elementor-section-height-default elementor-section-height-default\" data-id=\"78bbaf0\" data-element_type=\"section\">\n\t\t\t\t\t\t<div class=\"elementor-container elementor-column-gap-default\">\n\t\t\t\t\t<div class=\"elementor-column elementor-col-100 elementor-top-column elementor-element elementor-element-e6d0d0a\" data-id=\"e6d0d0a\" data-element_type=\"column\">\n\t\t\t<div class=\"elementor-widget-wrap elementor-element-populated\">\n\t\t\t\t\t\t<div class=\"elementor-element elementor-element-d0d83d2 elementor-widget elementor-widget-wgl-portfolio\" data-id=\"d0d83d2\" data-element_type=\"widget\" data-settings=\"{&quot;grid_gap&quot;:{&quot;unit&quot;:&quot;px&quot;,&quot;size&quot;:30,&quot;sizes&quot;:[]},&quot;grid_gap_tablet&quot;:{&quot;unit&quot;:&quot;px&quot;,&quot;size&quot;:&quot;&quot;,&quot;sizes&quot;:[]},&quot;grid_gap_mobile&quot;:{&quot;unit&quot;:&quot;px&quot;,&quot;size&quot;:&quot;&quot;,&quot;sizes&quot;:[]}}\" data-widget_type=\"wgl-portfolio.default\">\n\t\t\t\t<div class=\"elementor-widget-container\">\n\t\t\t\t\t<section class=\"wgl_cpt_section\"><div class=\"wgl-portfolio\" id=\"portfolio_module_69f49ca65dc22\"><div class=\"wgl-portfolio_header wgl-cpt_header filter-right\"><div class=\"item_title\"><div class=\"portfolio_subtitle\">Mete e destinazioni<\/div><h3 class=\"portfolio_title\">D\u00e9couvrez le lac Majeur<\/h3><\/div><div class=\"wgl-filter_wrapper portfolio__filter isotope-filter\"><div class=\"swiper wgl-filter_swiper_wrapper\"><div class=\"swiper-wrapper\"><a href=\"#\" data-filter=\".portfolio__item\" class=\"isotope__filter swiper-slide active\">All<span class=\"filter_counter\"><\/span><\/a><a class=\"swiper-slide\" href=\"https:\/\/www.lagomaggioreboat.it\/fr\/destinazioni-category\/autres-destinations\/\" data-filter=\".autres-destinations\" >Autres destinations<span class=\"filter_counter\"><\/span><\/a><a class=\"swiper-slide\" href=\"https:\/\/www.lagomaggioreboat.it\/fr\/destinazioni-category\/iles-borromees\/\" data-filter=\".iles-borromees\" >\u00celes Borrom\u00e9es<span class=\"filter_counter\"><\/span><\/a><a class=\"swiper-slide\" href=\"https:\/\/www.lagomaggioreboat.it\/fr\/destinazioni-category\/lago-maggiore-fr\/\" data-filter=\".lago-maggiore-fr\" >Lago Maggiore<span class=\"filter_counter\"><\/span><\/a><\/div><\/div><\/div><\/div><div class=\"wgl-portfolio_wrapper\"><div class=\"wgl-portfolio_container container-grid row masonry isotope col-3\"><article class=\"portfolio__item item lago-maggiore-fr\"><div class=\"item__wrapper description_under_image\"><div class=\"item__image\"><img decoding=\"async\" src=\"https:\/\/www.lagomaggioreboat.it\/wp-content\/uploads\/2024\/07\/lagomaggioreboat-san-carlone-arona-740x740.jpg\" alt=\"\"><div class=\"overlay\"><\/div><a href=\"https:\/\/www.lagomaggioreboat.it\/fr\/destinations\/san-carlone-di-arona\/\" class=\"single_link portfolio_link\"><\/a><\/div><div class=\"item__description\"><div class=\"description__wrapper\"><div class=\"item__title\"><h5 class=\"title\"><a href=\"https:\/\/www.lagomaggioreboat.it\/fr\/destinations\/san-carlone-di-arona\/\" class=\"single_link\">San Carlone di Arona<\/a><\/h5><\/div><div class=\"post_cats\"><a href=https:\/\/www.lagomaggioreboat.it\/fr\/destinazioni-category\/lago-maggiore-fr\/ class=\"portfolio-category\">Lago Maggiore<\/a><\/div><\/div><\/div><\/div><\/article><article class=\"portfolio__item item iles-borromees\"><div class=\"item__wrapper description_under_image\"><div class=\"item__image\"><img decoding=\"async\" src=\"https:\/\/www.lagomaggioreboat.it\/wp-content\/uploads\/2024\/07\/lagomaggioreboat-isola-bella-2-740x740.jpg\" alt=\"\"><div class=\"overlay\"><\/div><a href=\"https:\/\/www.lagomaggioreboat.it\/fr\/destinations\/isola-bella\/\" class=\"single_link portfolio_link\"><\/a><\/div><div class=\"item__description\"><div class=\"description__wrapper\"><div class=\"item__title\"><h5 class=\"title\"><a href=\"https:\/\/www.lagomaggioreboat.it\/fr\/destinations\/isola-bella\/\" class=\"single_link\">Isola Bella<\/a><\/h5><\/div><div class=\"post_cats\"><a href=https:\/\/www.lagomaggioreboat.it\/fr\/destinazioni-category\/iles-borromees\/ class=\"portfolio-category\">\u00celes Borrom\u00e9es<\/a><\/div><\/div><\/div><\/div><\/article><article class=\"portfolio__item item lago-maggiore-fr\"><div class=\"item__wrapper description_under_image\"><div class=\"item__image\"><img decoding=\"async\" src=\"https:\/\/www.lagomaggioreboat.it\/wp-content\/uploads\/2024\/07\/lagomaggioreboat-sanata-caterina-del-sasso-1-740x740.jpg\" alt=\"\"><div class=\"overlay\"><\/div><a href=\"https:\/\/www.lagomaggioreboat.it\/fr\/destinations\/santa-caterina-del-sasso\/\" class=\"single_link portfolio_link\"><\/a><\/div><div class=\"item__description\"><div class=\"description__wrapper\"><div class=\"item__title\"><h5 class=\"title\"><a href=\"https:\/\/www.lagomaggioreboat.it\/fr\/destinations\/santa-caterina-del-sasso\/\" class=\"single_link\">Santa Caterina del Sasso<\/a><\/h5><\/div><div class=\"post_cats\"><a href=https:\/\/www.lagomaggioreboat.it\/fr\/destinazioni-category\/lago-maggiore-fr\/ class=\"portfolio-category\">Lago Maggiore<\/a><\/div><\/div><\/div><\/div><\/article><article class=\"portfolio__item item lago-maggiore-fr\"><div class=\"item__wrapper description_under_image\"><div class=\"item__image\"><img decoding=\"async\" src=\"https:\/\/www.lagomaggioreboat.it\/wp-content\/uploads\/2024\/07\/lagomaggioreboat-stresa-740x740.jpg\" alt=\"\"><div class=\"overlay\"><\/div><a href=\"https:\/\/www.lagomaggioreboat.it\/fr\/destinations\/stresa\/\" class=\"single_link portfolio_link\"><\/a><\/div><div class=\"item__description\"><div class=\"description__wrapper\"><div class=\"item__title\"><h5 class=\"title\"><a href=\"https:\/\/www.lagomaggioreboat.it\/fr\/destinations\/stresa\/\" class=\"single_link\">Stresa<\/a><\/h5><\/div><div class=\"post_cats\"><a href=https:\/\/www.lagomaggioreboat.it\/fr\/destinazioni-category\/lago-maggiore-fr\/ class=\"portfolio-category\">Lago Maggiore<\/a><\/div><\/div><\/div><\/div><\/article><article class=\"portfolio__item item lago-maggiore-fr\"><div class=\"item__wrapper description_under_image\"><div class=\"item__image\"><img decoding=\"async\" src=\"https:\/\/www.lagomaggioreboat.it\/wp-content\/uploads\/2024\/07\/lagomaggioreboat-rocca-angera-2-740x740.jpg\" alt=\"\"><div class=\"overlay\"><\/div><a href=\"https:\/\/www.lagomaggioreboat.it\/fr\/destinations\/rocca-di-angera\/\" class=\"single_link portfolio_link\"><\/a><\/div><div class=\"item__description\"><div class=\"description__wrapper\"><div class=\"item__title\"><h5 class=\"title\"><a href=\"https:\/\/www.lagomaggioreboat.it\/fr\/destinations\/rocca-di-angera\/\" class=\"single_link\">Rocca di Angera<\/a><\/h5><\/div><div class=\"post_cats\"><a href=https:\/\/www.lagomaggioreboat.it\/fr\/destinazioni-category\/lago-maggiore-fr\/ class=\"portfolio-category\">Lago Maggiore<\/a><\/div><\/div><\/div><\/div><\/article><article class=\"portfolio__item item iles-borromees\"><div class=\"item__wrapper description_under_image\"><div class=\"item__image\"><img decoding=\"async\" src=\"https:\/\/www.lagomaggioreboat.it\/wp-content\/uploads\/2024\/07\/lagomaggioreboat-isola-pescatori-1-740x740.jpg\" alt=\"\"><div class=\"overlay\"><\/div><a href=\"https:\/\/www.lagomaggioreboat.it\/fr\/destinations\/isola-pescatori\/\" class=\"single_link portfolio_link\"><\/a><\/div><div class=\"item__description\"><div class=\"description__wrapper\"><div class=\"item__title\"><h5 class=\"title\"><a href=\"https:\/\/www.lagomaggioreboat.it\/fr\/destinations\/isola-pescatori\/\" class=\"single_link\">Isola Pescatori<\/a><\/h5><\/div><div class=\"post_cats\"><a href=https:\/\/www.lagomaggioreboat.it\/fr\/destinazioni-category\/iles-borromees\/ class=\"portfolio-category\">\u00celes Borrom\u00e9es<\/a><\/div><\/div><\/div><\/div><\/article><article class=\"portfolio__item item autres-destinations\"><div class=\"item__wrapper description_under_image\"><div class=\"item__image\"><img decoding=\"async\" src=\"https:\/\/www.lagomaggioreboat.it\/wp-content\/uploads\/2024\/07\/lagomaggioreboat-feriolo-740x740.jpg\" alt=\"\"><div class=\"overlay\"><\/div><a href=\"https:\/\/www.lagomaggioreboat.it\/fr\/destinations\/feriolo\/\" class=\"single_link portfolio_link\"><\/a><\/div><div class=\"item__description\"><div class=\"description__wrapper\"><div class=\"item__title\"><h5 class=\"title\"><a href=\"https:\/\/www.lagomaggioreboat.it\/fr\/destinations\/feriolo\/\" class=\"single_link\">Feriolo<\/a><\/h5><\/div><div class=\"post_cats\"><a href=https:\/\/www.lagomaggioreboat.it\/fr\/destinazioni-category\/autres-destinations\/ class=\"portfolio-category\">Autres destinations<\/a><\/div><\/div><\/div><\/div><\/article><article class=\"portfolio__item item lago-maggiore-fr\"><div class=\"item__wrapper description_under_image\"><div class=\"item__image\"><img decoding=\"async\" src=\"https:\/\/www.lagomaggioreboat.it\/wp-content\/uploads\/2024\/07\/lagomaggioreboat-pallanza-740x740.jpg\" alt=\"\"><div class=\"overlay\"><\/div><a href=\"https:\/\/www.lagomaggioreboat.it\/fr\/destinations\/pallanza\/\" class=\"single_link portfolio_link\"><\/a><\/div><div class=\"item__description\"><div class=\"description__wrapper\"><div class=\"item__title\"><h5 class=\"title\"><a href=\"https:\/\/www.lagomaggioreboat.it\/fr\/destinations\/pallanza\/\" class=\"single_link\">Pallanza<\/a><\/h5><\/div><div class=\"post_cats\"><a href=https:\/\/www.lagomaggioreboat.it\/fr\/destinazioni-category\/lago-maggiore-fr\/ class=\"portfolio-category\">Lago Maggiore<\/a><\/div><\/div><\/div><\/div><\/article><article class=\"portfolio__item item iles-borromees\"><div class=\"item__wrapper description_under_image\"><div class=\"item__image\"><img decoding=\"async\" src=\"https:\/\/www.lagomaggioreboat.it\/wp-content\/uploads\/2024\/07\/lagomaggioreboat-isola-madre-740x740.jpg\" alt=\"\"><div class=\"overlay\"><\/div><a href=\"https:\/\/www.lagomaggioreboat.it\/fr\/destinations\/isola-madre\/\" class=\"single_link portfolio_link\"><\/a><\/div><div class=\"item__description\"><div class=\"description__wrapper\"><div class=\"item__title\"><h5 class=\"title\"><a href=\"https:\/\/www.lagomaggioreboat.it\/fr\/destinations\/isola-madre\/\" class=\"single_link\">Isola Madre<\/a><\/h5><\/div><div class=\"post_cats\"><a href=https:\/\/www.lagomaggioreboat.it\/fr\/destinazioni-category\/iles-borromees\/ class=\"portfolio-category\">\u00celes Borrom\u00e9es<\/a><\/div><\/div><\/div><\/div><\/article><article class=\"portfolio__item item autres-destinations\"><div class=\"item__wrapper description_under_image\"><div class=\"item__image\"><img decoding=\"async\" src=\"https:\/\/www.lagomaggioreboat.it\/wp-content\/uploads\/2024\/07\/lagomaggiore-castelli-di-cannero-740x740.jpg\" alt=\"\"><div class=\"overlay\"><\/div><a href=\"https:\/\/www.lagomaggioreboat.it\/fr\/destinations\/castelli-di-cannero\/\" class=\"single_link portfolio_link\"><\/a><\/div><div class=\"item__description\"><div class=\"description__wrapper\"><div class=\"item__title\"><h5 class=\"title\"><a href=\"https:\/\/www.lagomaggioreboat.it\/fr\/destinations\/castelli-di-cannero\/\" class=\"single_link\">Castelli di Cannero<\/a><\/h5><\/div><div class=\"post_cats\"><a href=https:\/\/www.lagomaggioreboat.it\/fr\/destinazioni-category\/autres-destinations\/ class=\"portfolio-category\">Autres destinations<\/a><\/div><\/div><\/div><\/div><\/article><article class=\"portfolio__item item lago-maggiore-fr\"><div class=\"item__wrapper description_under_image\"><div class=\"item__image\"><img decoding=\"async\" src=\"https:\/\/www.lagomaggioreboat.it\/wp-content\/uploads\/2024\/07\/lagomaggioreboat-villa-taranto-740x740.jpg\" alt=\"\"><div class=\"overlay\"><\/div><a href=\"https:\/\/www.lagomaggioreboat.it\/fr\/destinations\/villa-taranto\/\" class=\"single_link portfolio_link\"><\/a><\/div><div class=\"item__description\"><div class=\"description__wrapper\"><div class=\"item__title\"><h5 class=\"title\"><a href=\"https:\/\/www.lagomaggioreboat.it\/fr\/destinations\/villa-taranto\/\" class=\"single_link\">Villa Taranto<\/a><\/h5><\/div><div class=\"post_cats\"><a href=https:\/\/www.lagomaggioreboat.it\/fr\/destinazioni-category\/lago-maggiore-fr\/ class=\"portfolio-category\">Lago Maggiore<\/a><\/div><\/div><\/div><\/div><\/article><article class=\"portfolio__item item lago-maggiore-fr\"><div class=\"item__wrapper description_under_image\"><div class=\"item__image\"><img decoding=\"async\" src=\"https:\/\/www.lagomaggioreboat.it\/wp-content\/uploads\/2024\/07\/lagomaggioreboat-baveno-740x740.jpg\" alt=\"\"><div class=\"overlay\"><\/div><a href=\"https:\/\/www.lagomaggioreboat.it\/fr\/destinations\/baveno\/\" class=\"single_link portfolio_link\"><\/a><\/div><div class=\"item__description\"><div class=\"description__wrapper\"><div class=\"item__title\"><h5 class=\"title\"><a href=\"https:\/\/www.lagomaggioreboat.it\/fr\/destinations\/baveno\/\" class=\"single_link\">Baveno<\/a><\/h5><\/div><div class=\"post_cats\"><a href=https:\/\/www.lagomaggioreboat.it\/fr\/destinazioni-category\/lago-maggiore-fr\/ class=\"portfolio-category\">Lago Maggiore<\/a><\/div><\/div><\/div><\/div><\/article><\/div><\/div><\/div><\/section>\t\t\t\t<\/div>\n\t\t\t\t<\/div>\n\t\t\t\t<div class=\"elementor-element elementor-element-77c51e7 elementor-widget elementor-widget-spacer\" data-id=\"77c51e7\" data-element_type=\"widget\" data-widget_type=\"spacer.default\">\n\t\t\t\t<div class=\"elementor-widget-container\">\n\t\t\t\t\t\t\t<div class=\"elementor-spacer\">\n\t\t\t<div class=\"elementor-spacer-inner\"><\/div>\n\t\t<\/div>\n\t\t\t\t\t\t<\/div>\n\t\t\t\t<\/div>\n\t\t\t\t\t<\/div>\n\t\t<\/div>\n\t\t\t\t\t<\/div>\n\t\t<\/section>\n\t\t\t\t<\/div>\n\t\t","protected":false},"excerpt":{"rendered":"<p>Mete e destinazioni D\u00e9couvrez le lac Majeur AllAndere Sehensw\u00fcrdigkeitenBorrom\u00e4ische InselnLago Maggiore Stresa Lago Maggiore Pallanza Lago Maggiore Isola Madre Borrom\u00e4ische Inseln Baveno Lago Maggiore Castelli di Cannero Andere Sehensw\u00fcrdigkeiten Santa Caterina del Sasso Lago Maggiore Villa Taranto Lago Maggiore Isola Bella Borrom\u00e4ische Inseln San Carlone di Arona Lago Maggiore Isola Pescatori Borrom\u00e4ische Inseln Feriolo Andere [&hellip;]<\/p>\n","protected":false},"author":1,"featured_media":0,"parent":0,"menu_order":0,"comment_status":"closed","ping_status":"closed","template":"","meta":{"footnotes":""},"class_list":["post-3935","page","type-page","status-publish","hentry"],"yoast_head":"<!-- This site is optimized with the Yoast SEO plugin v26.3 - https:\/\/yoast.com\/wordpress\/plugins\/seo\/ -->\n<title>Destinations - Lagomaggioreboat<\/title>\n<meta name=\"robots\" content=\"index, follow, max-snippet:-1, max-image-preview:large, max-video-preview:-1\" \/>\n<link rel=\"canonical\" href=\"https:\/\/www.lagomaggioreboat.it\/fr\/destination\/\" \/>\n<meta property=\"og:locale\" content=\"fr_FR\" \/>\n<meta property=\"og:type\" content=\"article\" \/>\n<meta property=\"og:title\" content=\"Destinations - Lagomaggioreboat\" \/>\n<meta property=\"og:description\" content=\"Mete e destinazioni D\u00e9couvrez le lac Majeur AllAndere Sehensw\u00fcrdigkeitenBorrom\u00e4ische InselnLago Maggiore Stresa Lago Maggiore Pallanza Lago Maggiore Isola Madre Borrom\u00e4ische Inseln Baveno Lago Maggiore Castelli di Cannero Andere Sehensw\u00fcrdigkeiten Santa Caterina del Sasso Lago Maggiore Villa Taranto Lago Maggiore Isola Bella Borrom\u00e4ische Inseln San Carlone di Arona Lago Maggiore Isola Pescatori Borrom\u00e4ische Inseln Feriolo Andere [&hellip;]\" \/>\n<meta property=\"og:url\" content=\"https:\/\/www.lagomaggioreboat.it\/fr\/destination\/\" \/>\n<meta property=\"og:site_name\" content=\"Lagomaggioreboat\" \/>\n<meta property=\"article:publisher\" content=\"https:\/\/www.facebook.com\/Lagomaggioreboat\" \/>\n<meta property=\"article:modified_time\" content=\"2024-08-12T08:39:17+00:00\" \/>\n<meta property=\"og:image\" content=\"http:\/\/test.lagomaggioreboat.it\/wp-content\/uploads\/2024\/07\/lagomaggioreboat-stresa-740x740.jpg\" \/>\n<meta name=\"twitter:card\" content=\"summary_large_image\" \/>\n<script type=\"application\/ld+json\" class=\"yoast-schema-graph\">{\"@context\":\"https:\/\/schema.org\",\"@graph\":[{\"@type\":\"WebPage\",\"@id\":\"https:\/\/www.lagomaggioreboat.it\/fr\/destination\/\",\"url\":\"https:\/\/www.lagomaggioreboat.it\/fr\/destination\/\",\"name\":\"Destinations - Lagomaggioreboat\",\"isPartOf\":{\"@id\":\"https:\/\/www.lagomaggioreboat.it\/fr\/#website\"},\"primaryImageOfPage\":{\"@id\":\"https:\/\/www.lagomaggioreboat.it\/fr\/destination\/#primaryimage\"},\"image\":{\"@id\":\"https:\/\/www.lagomaggioreboat.it\/fr\/destination\/#primaryimage\"},\"thumbnailUrl\":\"http:\/\/test.lagomaggioreboat.it\/wp-content\/uploads\/2024\/07\/lagomaggioreboat-stresa-740x740.jpg\",\"datePublished\":\"2022-10-13T05:39:02+00:00\",\"dateModified\":\"2024-08-12T08:39:17+00:00\",\"breadcrumb\":{\"@id\":\"https:\/\/www.lagomaggioreboat.it\/fr\/destination\/#breadcrumb\"},\"inLanguage\":\"fr-FR\",\"potentialAction\":[{\"@type\":\"ReadAction\",\"target\":[\"https:\/\/www.lagomaggioreboat.it\/fr\/destination\/\"]}]},{\"@type\":\"ImageObject\",\"inLanguage\":\"fr-FR\",\"@id\":\"https:\/\/www.lagomaggioreboat.it\/fr\/destination\/#primaryimage\",\"url\":\"http:\/\/test.lagomaggioreboat.it\/wp-content\/uploads\/2024\/07\/lagomaggioreboat-stresa-740x740.jpg\",\"contentUrl\":\"http:\/\/test.lagomaggioreboat.it\/wp-content\/uploads\/2024\/07\/lagomaggioreboat-stresa-740x740.jpg\"},{\"@type\":\"BreadcrumbList\",\"@id\":\"https:\/\/www.lagomaggioreboat.it\/fr\/destination\/#breadcrumb\",\"itemListElement\":[{\"@type\":\"ListItem\",\"position\":1,\"name\":\"Home\",\"item\":\"https:\/\/www.lagomaggioreboat.it\/fr\/\"},{\"@type\":\"ListItem\",\"position\":2,\"name\":\"Destinations\"}]},{\"@type\":\"WebSite\",\"@id\":\"https:\/\/www.lagomaggioreboat.it\/fr\/#website\",\"url\":\"https:\/\/www.lagomaggioreboat.it\/fr\/\",\"name\":\"Lagomaggioreboat\",\"description\":\"Navigazione sul Lago Maggiore\",\"publisher\":{\"@id\":\"https:\/\/www.lagomaggioreboat.it\/fr\/#organization\"},\"potentialAction\":[{\"@type\":\"SearchAction\",\"target\":{\"@type\":\"EntryPoint\",\"urlTemplate\":\"https:\/\/www.lagomaggioreboat.it\/fr\/?s={search_term_string}\"},\"query-input\":{\"@type\":\"PropertyValueSpecification\",\"valueRequired\":true,\"valueName\":\"search_term_string\"}}],\"inLanguage\":\"fr-FR\"},{\"@type\":\"Organization\",\"@id\":\"https:\/\/www.lagomaggioreboat.it\/fr\/#organization\",\"name\":\"Lagomaggioreboat\",\"url\":\"https:\/\/www.lagomaggioreboat.it\/fr\/\",\"logo\":{\"@type\":\"ImageObject\",\"inLanguage\":\"fr-FR\",\"@id\":\"https:\/\/www.lagomaggioreboat.it\/fr\/#\/schema\/logo\/image\/\",\"url\":\"https:\/\/www.lagomaggioreboat.it\/wp-content\/uploads\/2022\/10\/logo-lagomaggioreboat.png\",\"contentUrl\":\"https:\/\/www.lagomaggioreboat.it\/wp-content\/uploads\/2022\/10\/logo-lagomaggioreboat.png\",\"width\":721,\"height\":148,\"caption\":\"Lagomaggioreboat\"},\"image\":{\"@id\":\"https:\/\/www.lagomaggioreboat.it\/fr\/#\/schema\/logo\/image\/\"},\"sameAs\":[\"https:\/\/www.facebook.com\/Lagomaggioreboat\"]}]}<\/script>\n<!-- \/ Yoast SEO plugin. -->","yoast_head_json":{"title":"Destinations - Lagomaggioreboat","robots":{"index":"index","follow":"follow","max-snippet":"max-snippet:-1","max-image-preview":"max-image-preview:large","max-video-preview":"max-video-preview:-1"},"canonical":"https:\/\/www.lagomaggioreboat.it\/fr\/destination\/","og_locale":"fr_FR","og_type":"article","og_title":"Destinations - Lagomaggioreboat","og_description":"Mete e destinazioni D\u00e9couvrez le lac Majeur AllAndere Sehensw\u00fcrdigkeitenBorrom\u00e4ische InselnLago Maggiore Stresa Lago Maggiore Pallanza Lago Maggiore Isola Madre Borrom\u00e4ische Inseln Baveno Lago Maggiore Castelli di Cannero Andere Sehensw\u00fcrdigkeiten Santa Caterina del Sasso Lago Maggiore Villa Taranto Lago Maggiore Isola Bella Borrom\u00e4ische Inseln San Carlone di Arona Lago Maggiore Isola Pescatori Borrom\u00e4ische Inseln Feriolo Andere [&hellip;]","og_url":"https:\/\/www.lagomaggioreboat.it\/fr\/destination\/","og_site_name":"Lagomaggioreboat","article_publisher":"https:\/\/www.facebook.com\/Lagomaggioreboat","article_modified_time":"2024-08-12T08:39:17+00:00","og_image":[{"url":"http:\/\/test.lagomaggioreboat.it\/wp-content\/uploads\/2024\/07\/lagomaggioreboat-stresa-740x740.jpg","type":"","width":"","height":""}],"twitter_card":"summary_large_image","schema":{"@context":"https:\/\/schema.org","@graph":[{"@type":"WebPage","@id":"https:\/\/www.lagomaggioreboat.it\/fr\/destination\/","url":"https:\/\/www.lagomaggioreboat.it\/fr\/destination\/","name":"Destinations - Lagomaggioreboat","isPartOf":{"@id":"https:\/\/www.lagomaggioreboat.it\/fr\/#website"},"primaryImageOfPage":{"@id":"https:\/\/www.lagomaggioreboat.it\/fr\/destination\/#primaryimage"},"image":{"@id":"https:\/\/www.lagomaggioreboat.it\/fr\/destination\/#primaryimage"},"thumbnailUrl":"http:\/\/test.lagomaggioreboat.it\/wp-content\/uploads\/2024\/07\/lagomaggioreboat-stresa-740x740.jpg","datePublished":"2022-10-13T05:39:02+00:00","dateModified":"2024-08-12T08:39:17+00:00","breadcrumb":{"@id":"https:\/\/www.lagomaggioreboat.it\/fr\/destination\/#breadcrumb"},"inLanguage":"fr-FR","potentialAction":[{"@type":"ReadAction","target":["https:\/\/www.lagomaggioreboat.it\/fr\/destination\/"]}]},{"@type":"ImageObject","inLanguage":"fr-FR","@id":"https:\/\/www.lagomaggioreboat.it\/fr\/destination\/#primaryimage","url":"http:\/\/test.lagomaggioreboat.it\/wp-content\/uploads\/2024\/07\/lagomaggioreboat-stresa-740x740.jpg","contentUrl":"http:\/\/test.lagomaggioreboat.it\/wp-content\/uploads\/2024\/07\/lagomaggioreboat-stresa-740x740.jpg"},{"@type":"BreadcrumbList","@id":"https:\/\/www.lagomaggioreboat.it\/fr\/destination\/#breadcrumb","itemListElement":[{"@type":"ListItem","position":1,"name":"Home","item":"https:\/\/www.lagomaggioreboat.it\/fr\/"},{"@type":"ListItem","position":2,"name":"Destinations"}]},{"@type":"WebSite","@id":"https:\/\/www.lagomaggioreboat.it\/fr\/#website","url":"https:\/\/www.lagomaggioreboat.it\/fr\/","name":"Lagomaggioreboat","description":"Navigazione sul Lago Maggiore","publisher":{"@id":"https:\/\/www.lagomaggioreboat.it\/fr\/#organization"},"potentialAction":[{"@type":"SearchAction","target":{"@type":"EntryPoint","urlTemplate":"https:\/\/www.lagomaggioreboat.it\/fr\/?s={search_term_string}"},"query-input":{"@type":"PropertyValueSpecification","valueRequired":true,"valueName":"search_term_string"}}],"inLanguage":"fr-FR"},{"@type":"Organization","@id":"https:\/\/www.lagomaggioreboat.it\/fr\/#organization","name":"Lagomaggioreboat","url":"https:\/\/www.lagomaggioreboat.it\/fr\/","logo":{"@type":"ImageObject","inLanguage":"fr-FR","@id":"https:\/\/www.lagomaggioreboat.it\/fr\/#\/schema\/logo\/image\/","url":"https:\/\/www.lagomaggioreboat.it\/wp-content\/uploads\/2022\/10\/logo-lagomaggioreboat.png","contentUrl":"https:\/\/www.lagomaggioreboat.it\/wp-content\/uploads\/2022\/10\/logo-lagomaggioreboat.png","width":721,"height":148,"caption":"Lagomaggioreboat"},"image":{"@id":"https:\/\/www.lagomaggioreboat.it\/fr\/#\/schema\/logo\/image\/"},"sameAs":["https:\/\/www.facebook.com\/Lagomaggioreboat"]}]}},"_links":{"self":[{"href":"https:\/\/www.lagomaggioreboat.it\/fr\/wp-json\/wp\/v2\/pages\/3935","targetHints":{"allow":["GET"]}}],"collection":[{"href":"https:\/\/www.lagomaggioreboat.it\/fr\/wp-json\/wp\/v2\/pages"}],"about":[{"href":"https:\/\/www.lagomaggioreboat.it\/fr\/wp-json\/wp\/v2\/types\/page"}],"author":[{"embeddable":true,"href":"https:\/\/www.lagomaggioreboat.it\/fr\/wp-json\/wp\/v2\/users\/1"}],"replies":[{"embeddable":true,"href":"https:\/\/www.lagomaggioreboat.it\/fr\/wp-json\/wp\/v2\/comments?post=3935"}],"version-history":[{"count":7,"href":"https:\/\/www.lagomaggioreboat.it\/fr\/wp-json\/wp\/v2\/pages\/3935\/revisions"}],"predecessor-version":[{"id":5072,"href":"https:\/\/www.lagomaggioreboat.it\/fr\/wp-json\/wp\/v2\/pages\/3935\/revisions\/5072"}],"wp:attachment":[{"href":"https:\/\/www.lagomaggioreboat.it\/fr\/wp-json\/wp\/v2\/media?parent=3935"}],"curies":[{"name":"wp","href":"https:\/\/api.w.org\/{rel}","templated":true}]}}