{"id":3923,"date":"2024-07-04T15:32:40","date_gmt":"2024-07-04T13:32:40","guid":{"rendered":"http:\/\/test.lagomaggioreboat.it\/dispersione-ceneri-nel-lago\/"},"modified":"2024-08-19T12:18:45","modified_gmt":"2024-08-19T10:18:45","slug":"dispersione-ceneri-nel-lago","status":"publish","type":"page","link":"https:\/\/www.lagomaggioreboat.it\/fr\/dispersione-ceneri-nel-lago\/","title":{"rendered":"Dispersione ceneri nel lago"},"content":{"rendered":"\t\t<div data-elementor-type=\"wp-page\" data-elementor-id=\"3923\" class=\"elementor elementor-3923 elementor-2864\">\n\t\t\t\t\t\t<section class=\"elementor-section elementor-top-section elementor-element elementor-element-9b4f465 elementor-section-boxed elementor-section-height-default elementor-section-height-default\" data-id=\"9b4f465\" data-element_type=\"section\">\n\t\t\t\t\t\t<div class=\"elementor-container elementor-column-gap-default\">\n\t\t\t\t\t<div class=\"elementor-column elementor-col-50 elementor-top-column elementor-element elementor-element-cd14776\" data-id=\"cd14776\" data-element_type=\"column\">\n\t\t\t<div class=\"elementor-widget-wrap elementor-element-populated\">\n\t\t\t\t\t\t<div class=\"elementor-element elementor-element-e488b91 elementor-widget__width-initial divider-yes aleft elementor-widget elementor-widget-wgl-double-heading\" data-id=\"e488b91\" data-element_type=\"widget\" data-widget_type=\"wgl-double-heading.default\">\n\t\t\t\t<div class=\"elementor-widget-container\">\n\t\t\t\t\t<div class=\"wgl-double-heading\"><div class=\"dblh__subtitle\">Services lagomaggioreboat<\/div><h1 class=\"dblh__title-wrapper\"><span class=\"dblh__title dblh__title-1\">Dispersione ceneri dalla barca<\/span><\/h1><\/div>\t\t\t\t<\/div>\n\t\t\t\t<\/div>\n\t\t\t\t<div class=\"elementor-element elementor-element-b4e497b elementor-widget elementor-widget-spacer\" data-id=\"b4e497b\" data-element_type=\"widget\" data-widget_type=\"spacer.default\">\n\t\t\t\t<div class=\"elementor-widget-container\">\n\t\t\t\t\t\t\t<div class=\"elementor-spacer\">\n\t\t\t<div class=\"elementor-spacer-inner\"><\/div>\n\t\t<\/div>\n\t\t\t\t\t\t<\/div>\n\t\t\t\t<\/div>\n\t\t\t\t\t<\/div>\n\t\t<\/div>\n\t\t\t\t<div class=\"elementor-column elementor-col-50 elementor-top-column elementor-element elementor-element-d1d296f\" data-id=\"d1d296f\" data-element_type=\"column\">\n\t\t\t<div class=\"elementor-widget-wrap elementor-element-populated\">\n\t\t\t\t\t\t<div class=\"elementor-element elementor-element-af52321 elementor-widget elementor-widget-text-editor\" data-id=\"af52321\" data-element_type=\"widget\" data-widget_type=\"text-editor.default\">\n\t\t\t\t<div class=\"elementor-widget-container\">\n\t\t\t\t\t\t\t\t\t<p>Come espressione della volont\u00e0 del defunto, sempre pi\u00f9 spesso ci viene richiesta, da parenti o agenzie funebri, la possibilit\u00e0 di disperderne le ceneri nel Lago.<\/p><p>Offriamo un servizio discreto e rispettoso, che consente di celebrare il ricordo di chi non c\u2019\u00e8 pi\u00f9, in un ambiente naturale di straordinaria bellezza. La nostra imbarcazione privata, con equipaggio dedicato, garantisce un\u2019esperienza intima e solenne, accompagnata dalla massima sensibilit\u00e0 e cura. <\/p><p>Previa richiesta nelle necessarie autorizzazioni, \u00e8 possibile organizzare il servizio di <strong>dispersione ceneri dalla barca<\/strong>, in una zona idonea identificata per garantire la massima privacy e permettere a parenti e conoscenti di dare un ultimo saluto ai propri cari, nel rispetto di quanto previsto dalla legge e, soprattutto, del volere del De Cuius.<\/p>\t\t\t\t\t\t\t\t<\/div>\n\t\t\t\t<\/div>\n\t\t\t\t\t<\/div>\n\t\t<\/div>\n\t\t\t\t\t<\/div>\n\t\t<\/section>\n\t\t\t\t<section class=\"elementor-section elementor-top-section elementor-element elementor-element-90cd20f elementor-section-full_width elementor-section-content-middle elementor-section-height-default elementor-section-height-default\" data-id=\"90cd20f\" data-element_type=\"section\">\n\t\t\t\t\t\t\t<div class=\"elementor-background-overlay\"><\/div>\n\t\t\t\t\t\t\t<div class=\"elementor-container elementor-column-gap-no\">\n\t\t\t\t\t<div class=\"elementor-column elementor-col-100 elementor-top-column elementor-element elementor-element-2758dc7\" data-id=\"2758dc7\" data-element_type=\"column\">\n\t\t\t<div class=\"elementor-widget-wrap elementor-element-populated\">\n\t\t\t\t\t\t<div class=\"elementor-element elementor-element-2c4a9c7 elementor-widget elementor-widget-wgl-text-path\" data-id=\"2c4a9c7\" data-element_type=\"widget\" data-settings=\"{&quot;text&quot;:&quot;Excursion en bateau pour d\\u00e9couvrir le lac Majeur&quot;,&quot;animation_speed&quot;:70000,&quot;link&quot;:{&quot;url&quot;:&quot;&quot;,&quot;is_external&quot;:&quot;&quot;,&quot;nofollow&quot;:&quot;&quot;,&quot;custom_attributes&quot;:&quot;&quot;},&quot;start_point&quot;:{&quot;unit&quot;:&quot;%&quot;,&quot;size&quot;:100,&quot;sizes&quot;:[]},&quot;start_point_tablet&quot;:{&quot;unit&quot;:&quot;px&quot;,&quot;size&quot;:&quot;&quot;,&quot;sizes&quot;:[]},&quot;start_point_mobile&quot;:{&quot;unit&quot;:&quot;px&quot;,&quot;size&quot;:&quot;&quot;,&quot;sizes&quot;:[]},&quot;end_point&quot;:{&quot;unit&quot;:&quot;%&quot;,&quot;size&quot;:-10,&quot;sizes&quot;:[]},&quot;end_point_tablet&quot;:{&quot;unit&quot;:&quot;px&quot;,&quot;size&quot;:&quot;&quot;,&quot;sizes&quot;:[]},&quot;end_point_mobile&quot;:{&quot;unit&quot;:&quot;px&quot;,&quot;size&quot;:&quot;&quot;,&quot;sizes&quot;:[]}}\" data-widget_type=\"wgl-text-path.default\">\n\t\t\t\t<div class=\"elementor-widget-container\">\n\t\t\t\t\t\t\t<div class=\"wgl-text-path loop_animation  clone_text  stop_on_hover\" data-backspace-count=\"\" data-type-svg=\"wgl_line_simple\" data-text=\"Excursion en bateau pour d\u00e9couvrir le lac Majeur\">\r\n\t\t\t<div class=\"simple_line\"><\/div>\t\t\t\t\t<\/div>\r\n\t\t\t\t\t\t<\/div>\n\t\t\t\t<\/div>\n\t\t\t\t\t<\/div>\n\t\t<\/div>\n\t\t\t\t\t<\/div>\n\t\t<\/section>\n\t\t\t\t<section class=\"elementor-section elementor-top-section elementor-element elementor-element-dbc0bcd elementor-section-boxed elementor-section-height-default elementor-section-height-default\" data-id=\"dbc0bcd\" data-element_type=\"section\">\n\t\t\t\t\t\t<div class=\"elementor-container elementor-column-gap-default\">\n\t\t\t\t\t<div class=\"elementor-column elementor-col-66 elementor-top-column elementor-element elementor-element-39cce82\" data-id=\"39cce82\" data-element_type=\"column\">\n\t\t\t<div class=\"elementor-widget-wrap elementor-element-populated\">\n\t\t\t\t\t\t<div class=\"elementor-element elementor-element-ceab932 elementor-widget__width-initial divider-yes aleft elementor-widget elementor-widget-wgl-double-heading\" data-id=\"ceab932\" data-element_type=\"widget\" data-widget_type=\"wgl-double-heading.default\">\n\t\t\t\t<div class=\"elementor-widget-container\">\n\t\t\t\t\t<div class=\"wgl-double-heading\"><div class=\"dblh__subtitle\">devis personnalis\u00e9s<\/div><h3 class=\"dblh__title-wrapper\"><span class=\"dblh__title dblh__title-1\">Sei interessato al servizio di dispersione ceneri nel lago?<\/span><\/h3><div class=\"dblh__content\"><p>Le\u00a0devis est \u00e9tudi\u00e9 et personnalis\u00e9 en fonction de vos besoins<\/p><\/div><\/div>\t\t\t\t<\/div>\n\t\t\t\t<\/div>\n\t\t\t\t\t<\/div>\n\t\t<\/div>\n\t\t\t\t<div class=\"elementor-column elementor-col-33 elementor-top-column elementor-element elementor-element-f9b085c\" data-id=\"f9b085c\" data-element_type=\"column\">\n\t\t\t<div class=\"elementor-widget-wrap elementor-element-populated\">\n\t\t\t\t\t\t<div class=\"elementor-element elementor-element-9d4791c elementor-widget__width-auto aleft elementor-widget-icon-box wgl-icon-box elementor-widget elementor-widget-wgl-button\" data-id=\"9d4791c\" data-element_type=\"widget\" data-widget_type=\"wgl-button.default\">\n\t\t\t\t<div class=\"elementor-widget-container\">\n\t\t\t\t\t<a  class=\"wgl-button btn-size-xl \" role=\"button\" href=\"\/fr\/contacts\/\"><div class=\"button__content align-icon-left\"><div class=\"media-wrapper icon-wrapper\"><span class=\"wgl-icon\" ><i class=\"icon elementor-icon flaticon flaticon-plus-sign\" aria-hidden=\"true\"><\/i><\/span><\/div><span class=\"button__text\">Contactez-nous pour plus d'informations<\/span><\/div><\/a>\t\t\t\t<\/div>\n\t\t\t\t<\/div>\n\t\t\t\t<div class=\"elementor-element elementor-element-80d7e82 elementor-widget elementor-widget-spacer\" data-id=\"80d7e82\" data-element_type=\"widget\" data-widget_type=\"spacer.default\">\n\t\t\t\t<div class=\"elementor-widget-container\">\n\t\t\t\t\t\t\t<div class=\"elementor-spacer\">\n\t\t\t<div class=\"elementor-spacer-inner\"><\/div>\n\t\t<\/div>\n\t\t\t\t\t\t<\/div>\n\t\t\t\t<\/div>\n\t\t\t\t\t<\/div>\n\t\t<\/div>\n\t\t\t\t\t<\/div>\n\t\t<\/section>\n\t\t\t\t<\/div>\n\t\t","protected":false},"excerpt":{"rendered":"<p>Services lagomaggioreboat Dispersione ceneri dalla barca Come espressione della volont\u00e0 del defunto, sempre pi\u00f9 spesso ci viene richiesta, da parenti o agenzie funebri, la possibilit\u00e0 di disperderne le ceneri nel Lago. Offriamo un servizio discreto e rispettoso, che consente di celebrare il ricordo di chi non c\u2019\u00e8 pi\u00f9, in un ambiente naturale di straordinaria bellezza. [&hellip;]<\/p>\n","protected":false},"author":1,"featured_media":0,"parent":0,"menu_order":0,"comment_status":"closed","ping_status":"closed","template":"","meta":{"footnotes":""},"class_list":["post-3923","page","type-page","status-publish","hentry"],"yoast_head":"<!-- This site is optimized with the Yoast SEO plugin v26.3 - https:\/\/yoast.com\/wordpress\/plugins\/seo\/ -->\n<title>Dispersione ceneri nel lago - Lagomaggioreboat<\/title>\n<meta name=\"robots\" content=\"index, follow, max-snippet:-1, max-image-preview:large, max-video-preview:-1\" \/>\n<link rel=\"canonical\" href=\"https:\/\/www.lagomaggioreboat.it\/fr\/dispersione-ceneri-nel-lago\/\" \/>\n<meta property=\"og:locale\" content=\"fr_FR\" \/>\n<meta property=\"og:type\" content=\"article\" \/>\n<meta property=\"og:title\" content=\"Dispersione ceneri nel lago - Lagomaggioreboat\" \/>\n<meta property=\"og:description\" content=\"Services lagomaggioreboat Dispersione ceneri dalla barca Come espressione della volont\u00e0 del defunto, sempre pi\u00f9 spesso ci viene richiesta, da parenti o agenzie funebri, la possibilit\u00e0 di disperderne le ceneri nel Lago. Offriamo un servizio discreto e rispettoso, che consente di celebrare il ricordo di chi non c\u2019\u00e8 pi\u00f9, in un ambiente naturale di straordinaria bellezza. [&hellip;]\" \/>\n<meta property=\"og:url\" content=\"https:\/\/www.lagomaggioreboat.it\/fr\/dispersione-ceneri-nel-lago\/\" \/>\n<meta property=\"og:site_name\" content=\"Lagomaggioreboat\" \/>\n<meta property=\"article:publisher\" content=\"https:\/\/www.facebook.com\/Lagomaggioreboat\" \/>\n<meta property=\"article:modified_time\" content=\"2024-08-19T10:18:45+00:00\" \/>\n<meta name=\"twitter:card\" content=\"summary_large_image\" \/>\n<meta name=\"twitter:label1\" content=\"Dur\u00e9e de lecture estim\u00e9e\" \/>\n\t<meta name=\"twitter:data1\" content=\"1 minute\" \/>\n<script type=\"application\/ld+json\" class=\"yoast-schema-graph\">{\"@context\":\"https:\/\/schema.org\",\"@graph\":[{\"@type\":\"WebPage\",\"@id\":\"https:\/\/www.lagomaggioreboat.it\/fr\/dispersione-ceneri-nel-lago\/\",\"url\":\"https:\/\/www.lagomaggioreboat.it\/fr\/dispersione-ceneri-nel-lago\/\",\"name\":\"Dispersione ceneri nel lago - Lagomaggioreboat\",\"isPartOf\":{\"@id\":\"https:\/\/www.lagomaggioreboat.it\/fr\/#website\"},\"datePublished\":\"2024-07-04T13:32:40+00:00\",\"dateModified\":\"2024-08-19T10:18:45+00:00\",\"breadcrumb\":{\"@id\":\"https:\/\/www.lagomaggioreboat.it\/fr\/dispersione-ceneri-nel-lago\/#breadcrumb\"},\"inLanguage\":\"fr-FR\",\"potentialAction\":[{\"@type\":\"ReadAction\",\"target\":[\"https:\/\/www.lagomaggioreboat.it\/fr\/dispersione-ceneri-nel-lago\/\"]}]},{\"@type\":\"BreadcrumbList\",\"@id\":\"https:\/\/www.lagomaggioreboat.it\/fr\/dispersione-ceneri-nel-lago\/#breadcrumb\",\"itemListElement\":[{\"@type\":\"ListItem\",\"position\":1,\"name\":\"Home\",\"item\":\"https:\/\/www.lagomaggioreboat.it\/fr\/\"},{\"@type\":\"ListItem\",\"position\":2,\"name\":\"Dispersione ceneri nel lago\"}]},{\"@type\":\"WebSite\",\"@id\":\"https:\/\/www.lagomaggioreboat.it\/fr\/#website\",\"url\":\"https:\/\/www.lagomaggioreboat.it\/fr\/\",\"name\":\"Lagomaggioreboat\",\"description\":\"Navigazione sul Lago Maggiore\",\"publisher\":{\"@id\":\"https:\/\/www.lagomaggioreboat.it\/fr\/#organization\"},\"potentialAction\":[{\"@type\":\"SearchAction\",\"target\":{\"@type\":\"EntryPoint\",\"urlTemplate\":\"https:\/\/www.lagomaggioreboat.it\/fr\/?s={search_term_string}\"},\"query-input\":{\"@type\":\"PropertyValueSpecification\",\"valueRequired\":true,\"valueName\":\"search_term_string\"}}],\"inLanguage\":\"fr-FR\"},{\"@type\":\"Organization\",\"@id\":\"https:\/\/www.lagomaggioreboat.it\/fr\/#organization\",\"name\":\"Lagomaggioreboat\",\"url\":\"https:\/\/www.lagomaggioreboat.it\/fr\/\",\"logo\":{\"@type\":\"ImageObject\",\"inLanguage\":\"fr-FR\",\"@id\":\"https:\/\/www.lagomaggioreboat.it\/fr\/#\/schema\/logo\/image\/\",\"url\":\"https:\/\/www.lagomaggioreboat.it\/wp-content\/uploads\/2022\/10\/logo-lagomaggioreboat.png\",\"contentUrl\":\"https:\/\/www.lagomaggioreboat.it\/wp-content\/uploads\/2022\/10\/logo-lagomaggioreboat.png\",\"width\":721,\"height\":148,\"caption\":\"Lagomaggioreboat\"},\"image\":{\"@id\":\"https:\/\/www.lagomaggioreboat.it\/fr\/#\/schema\/logo\/image\/\"},\"sameAs\":[\"https:\/\/www.facebook.com\/Lagomaggioreboat\"]}]}<\/script>\n<!-- \/ Yoast SEO plugin. -->","yoast_head_json":{"title":"Dispersione ceneri nel lago - Lagomaggioreboat","robots":{"index":"index","follow":"follow","max-snippet":"max-snippet:-1","max-image-preview":"max-image-preview:large","max-video-preview":"max-video-preview:-1"},"canonical":"https:\/\/www.lagomaggioreboat.it\/fr\/dispersione-ceneri-nel-lago\/","og_locale":"fr_FR","og_type":"article","og_title":"Dispersione ceneri nel lago - Lagomaggioreboat","og_description":"Services lagomaggioreboat Dispersione ceneri dalla barca Come espressione della volont\u00e0 del defunto, sempre pi\u00f9 spesso ci viene richiesta, da parenti o agenzie funebri, la possibilit\u00e0 di disperderne le ceneri nel Lago. Offriamo un servizio discreto e rispettoso, che consente di celebrare il ricordo di chi non c\u2019\u00e8 pi\u00f9, in un ambiente naturale di straordinaria bellezza. [&hellip;]","og_url":"https:\/\/www.lagomaggioreboat.it\/fr\/dispersione-ceneri-nel-lago\/","og_site_name":"Lagomaggioreboat","article_publisher":"https:\/\/www.facebook.com\/Lagomaggioreboat","article_modified_time":"2024-08-19T10:18:45+00:00","twitter_card":"summary_large_image","twitter_misc":{"Dur\u00e9e de lecture estim\u00e9e":"1 minute"},"schema":{"@context":"https:\/\/schema.org","@graph":[{"@type":"WebPage","@id":"https:\/\/www.lagomaggioreboat.it\/fr\/dispersione-ceneri-nel-lago\/","url":"https:\/\/www.lagomaggioreboat.it\/fr\/dispersione-ceneri-nel-lago\/","name":"Dispersione ceneri nel lago - Lagomaggioreboat","isPartOf":{"@id":"https:\/\/www.lagomaggioreboat.it\/fr\/#website"},"datePublished":"2024-07-04T13:32:40+00:00","dateModified":"2024-08-19T10:18:45+00:00","breadcrumb":{"@id":"https:\/\/www.lagomaggioreboat.it\/fr\/dispersione-ceneri-nel-lago\/#breadcrumb"},"inLanguage":"fr-FR","potentialAction":[{"@type":"ReadAction","target":["https:\/\/www.lagomaggioreboat.it\/fr\/dispersione-ceneri-nel-lago\/"]}]},{"@type":"BreadcrumbList","@id":"https:\/\/www.lagomaggioreboat.it\/fr\/dispersione-ceneri-nel-lago\/#breadcrumb","itemListElement":[{"@type":"ListItem","position":1,"name":"Home","item":"https:\/\/www.lagomaggioreboat.it\/fr\/"},{"@type":"ListItem","position":2,"name":"Dispersione ceneri nel lago"}]},{"@type":"WebSite","@id":"https:\/\/www.lagomaggioreboat.it\/fr\/#website","url":"https:\/\/www.lagomaggioreboat.it\/fr\/","name":"Lagomaggioreboat","description":"Navigazione sul Lago Maggiore","publisher":{"@id":"https:\/\/www.lagomaggioreboat.it\/fr\/#organization"},"potentialAction":[{"@type":"SearchAction","target":{"@type":"EntryPoint","urlTemplate":"https:\/\/www.lagomaggioreboat.it\/fr\/?s={search_term_string}"},"query-input":{"@type":"PropertyValueSpecification","valueRequired":true,"valueName":"search_term_string"}}],"inLanguage":"fr-FR"},{"@type":"Organization","@id":"https:\/\/www.lagomaggioreboat.it\/fr\/#organization","name":"Lagomaggioreboat","url":"https:\/\/www.lagomaggioreboat.it\/fr\/","logo":{"@type":"ImageObject","inLanguage":"fr-FR","@id":"https:\/\/www.lagomaggioreboat.it\/fr\/#\/schema\/logo\/image\/","url":"https:\/\/www.lagomaggioreboat.it\/wp-content\/uploads\/2022\/10\/logo-lagomaggioreboat.png","contentUrl":"https:\/\/www.lagomaggioreboat.it\/wp-content\/uploads\/2022\/10\/logo-lagomaggioreboat.png","width":721,"height":148,"caption":"Lagomaggioreboat"},"image":{"@id":"https:\/\/www.lagomaggioreboat.it\/fr\/#\/schema\/logo\/image\/"},"sameAs":["https:\/\/www.facebook.com\/Lagomaggioreboat"]}]}},"_links":{"self":[{"href":"https:\/\/www.lagomaggioreboat.it\/fr\/wp-json\/wp\/v2\/pages\/3923","targetHints":{"allow":["GET"]}}],"collection":[{"href":"https:\/\/www.lagomaggioreboat.it\/fr\/wp-json\/wp\/v2\/pages"}],"about":[{"href":"https:\/\/www.lagomaggioreboat.it\/fr\/wp-json\/wp\/v2\/types\/page"}],"author":[{"embeddable":true,"href":"https:\/\/www.lagomaggioreboat.it\/fr\/wp-json\/wp\/v2\/users\/1"}],"replies":[{"embeddable":true,"href":"https:\/\/www.lagomaggioreboat.it\/fr\/wp-json\/wp\/v2\/comments?post=3923"}],"version-history":[{"count":12,"href":"https:\/\/www.lagomaggioreboat.it\/fr\/wp-json\/wp\/v2\/pages\/3923\/revisions"}],"predecessor-version":[{"id":5317,"href":"https:\/\/www.lagomaggioreboat.it\/fr\/wp-json\/wp\/v2\/pages\/3923\/revisions\/5317"}],"wp:attachment":[{"href":"https:\/\/www.lagomaggioreboat.it\/fr\/wp-json\/wp\/v2\/media?parent=3923"}],"curies":[{"name":"wp","href":"https:\/\/api.w.org\/{rel}","templated":true}]}}