{"id":3920,"date":"2024-07-08T15:58:03","date_gmt":"2024-07-08T13:58:03","guid":{"rendered":"http:\/\/test.lagomaggioreboat.it\/escursioni-per-gruppi-e-comitive\/"},"modified":"2024-08-19T12:09:01","modified_gmt":"2024-08-19T10:09:01","slug":"excursions-pour-groupes","status":"publish","type":"page","link":"https:\/\/www.lagomaggioreboat.it\/fr\/excursions-pour-groupes\/","title":{"rendered":"Excursions pour groupes"},"content":{"rendered":"\t\t<div data-elementor-type=\"wp-page\" data-elementor-id=\"3920\" class=\"elementor elementor-3920 elementor-3062\">\n\t\t\t\t\t\t<section class=\"elementor-section elementor-top-section elementor-element elementor-element-9b4f465 elementor-section-boxed elementor-section-height-default elementor-section-height-default\" data-id=\"9b4f465\" data-element_type=\"section\">\n\t\t\t\t\t\t<div class=\"elementor-container elementor-column-gap-default\">\n\t\t\t\t\t<div class=\"elementor-column elementor-col-50 elementor-top-column elementor-element elementor-element-cd14776\" data-id=\"cd14776\" data-element_type=\"column\">\n\t\t\t<div class=\"elementor-widget-wrap elementor-element-populated\">\n\t\t\t\t\t\t<div class=\"elementor-element elementor-element-e488b91 elementor-widget__width-initial divider-yes aleft elementor-widget elementor-widget-wgl-double-heading\" data-id=\"e488b91\" data-element_type=\"widget\" data-widget_type=\"wgl-double-heading.default\">\n\t\t\t\t<div class=\"elementor-widget-container\">\n\t\t\t\t\t<div class=\"wgl-double-heading\"><div class=\"dblh__subtitle\">Services lagomaggioreboat<\/div><h1 class=\"dblh__title-wrapper\"><span class=\"dblh__title dblh__title-1\">Excursions sur le Lac Majeur pour groupes<\/span><\/h1><\/div>\t\t\t\t<\/div>\n\t\t\t\t<\/div>\n\t\t\t\t<div class=\"elementor-element elementor-element-19490fc elementor-widget elementor-widget-spacer\" data-id=\"19490fc\" data-element_type=\"widget\" data-widget_type=\"spacer.default\">\n\t\t\t\t<div class=\"elementor-widget-container\">\n\t\t\t\t\t\t\t<div class=\"elementor-spacer\">\n\t\t\t<div class=\"elementor-spacer-inner\"><\/div>\n\t\t<\/div>\n\t\t\t\t\t\t<\/div>\n\t\t\t\t<\/div>\n\t\t\t\t\t<\/div>\n\t\t<\/div>\n\t\t\t\t<div class=\"elementor-column elementor-col-50 elementor-top-column elementor-element elementor-element-d1d296f\" data-id=\"d1d296f\" data-element_type=\"column\">\n\t\t\t<div class=\"elementor-widget-wrap elementor-element-populated\">\n\t\t\t\t\t\t<div class=\"elementor-element elementor-element-af52321 elementor-widget elementor-widget-text-editor\" data-id=\"af52321\" data-element_type=\"widget\" data-widget_type=\"text-editor.default\">\n\t\t\t\t<div class=\"elementor-widget-container\">\n\t\t\t\t\t\t\t\t\t<p>Organizziamo e gestiamo escursioni personalizzate per\u00a0<strong>famiglie, gruppi, comitive, scuole, gite, cerimonie ed eventi<\/strong>, sia di giorno che di sera. Siamo in grado di trasportare comitive e scolaresche grazie ai nostri moderni\u00a0<strong>motoscafi<\/strong>\u00a0che hanno una portata massima di <strong>60 persone<\/strong>.<\/p><p>Mettiamo a disposizione le nostre imbarcazioni per\u00a0<strong>crociere diurne e notturne, feste private, meeting, convegni<\/strong>\u00a0ed<strong>\u00a0eventi<\/strong>\u00a0di ogni genere. Per un\u00a0<strong>matrimonio<\/strong>\u00a0fuori dall&#8217;ordinario ed indimenticabile, potremo accompagnarvi, attraverso un tour panoramico da condividere con i vostri invitati, al luogo dove si svolger\u00e0 la cerimonia o al ristorante prescelto con la possibilit\u00e0 di scattare il vostro servizio fotografico nella magica atmosfera del Lago Maggiore.<\/p><p><strong>Tariffe ridotte\u00a0<\/strong>sono previste per per gruppi, gite scolastiche, matrimoni ed altri eventi e, nel fine settimana, verranno applicati <strong>sconti extra<\/strong>!<\/p><p>Gli orari di trasporto rimangono a vostra completa discrezione per garantirvi la massima flessibilit\u00e0 e confort durante la vostra navigazione, il servizio \u00e8 disponibile\u00a0<strong>24 ORE SU 24!<\/strong><\/p><p>Per poter organizzare il vostro tour al meglio ed offrire la massima ospitalit\u00e0 vi chiediamo di concordare con noi orari di partenza e spostamento.<\/p>\t\t\t\t\t\t\t\t<\/div>\n\t\t\t\t<\/div>\n\t\t\t\t\t<\/div>\n\t\t<\/div>\n\t\t\t\t\t<\/div>\n\t\t<\/section>\n\t\t\t\t<section class=\"elementor-section elementor-top-section elementor-element elementor-element-b033e2c elementor-section-full_width elementor-section-height-default elementor-section-height-default\" data-id=\"b033e2c\" data-element_type=\"section\" data-settings=\"{&quot;background_background&quot;:&quot;classic&quot;}\">\n\t\t\t\t\t\t<div class=\"elementor-container elementor-column-gap-no\">\n\t\t\t\t\t<div class=\"elementor-column elementor-col-100 elementor-top-column elementor-element elementor-element-d66f147\" data-id=\"d66f147\" data-element_type=\"column\">\n\t\t\t<div class=\"elementor-widget-wrap elementor-element-populated\">\n\t\t\t\t\t\t<section class=\"elementor-section elementor-inner-section elementor-element elementor-element-063d4bd elementor-section-full_width elementor-section-height-default elementor-section-height-default\" data-id=\"063d4bd\" data-element_type=\"section\">\n\t\t\t\t\t\t<div class=\"elementor-container elementor-column-gap-no\">\n\t\t\t\t\t<div class=\"elementor-column elementor-col-50 elementor-inner-column elementor-element elementor-element-07cdf95\" data-id=\"07cdf95\" data-element_type=\"column\" data-settings=\"{&quot;background_background&quot;:&quot;classic&quot;}\">\n\t\t\t<div class=\"elementor-widget-wrap elementor-element-populated\">\n\t\t\t\t\t\t<div class=\"elementor-element elementor-element-26987c5 elementor-widget elementor-widget-spacer\" data-id=\"26987c5\" data-element_type=\"widget\" data-widget_type=\"spacer.default\">\n\t\t\t\t<div class=\"elementor-widget-container\">\n\t\t\t\t\t\t\t<div class=\"elementor-spacer\">\n\t\t\t<div class=\"elementor-spacer-inner\"><\/div>\n\t\t<\/div>\n\t\t\t\t\t\t<\/div>\n\t\t\t\t<\/div>\n\t\t\t\t\t<\/div>\n\t\t<\/div>\n\t\t\t\t<div class=\"elementor-column elementor-col-50 elementor-inner-column elementor-element elementor-element-c2ea5b4\" data-id=\"c2ea5b4\" data-element_type=\"column\">\n\t\t\t<div class=\"elementor-widget-wrap elementor-element-populated\">\n\t\t\t\t\t\t<div class=\"elementor-element elementor-element-6895020 elementor-widget__width-initial elementor-widget-tablet__width-inherit divider-yes aleft elementor-widget elementor-widget-wgl-double-heading\" data-id=\"6895020\" data-element_type=\"widget\" data-widget_type=\"wgl-double-heading.default\">\n\t\t\t\t<div class=\"elementor-widget-container\">\n\t\t\t\t\t<div class=\"wgl-double-heading\"><div class=\"dblh__subtitle\">Suivez nos conseils<\/div><h3 class=\"dblh__title-wrapper\"><span class=\"dblh__title dblh__title-1\">De combien de temps disposez-vous ?<\/span><\/h3><div class=\"dblh__content\"><p>DEMI-JOURN\u00c9E ? Isola Bella + Isola Pescatori ou Isola Bella + Isola Madre<\/p><p>UN JOUR? Isola Bella + Isola Madre + Isola Pescatori ou deux \u00eeles + Villa Taranto ou deux \u00eeles + Ermitage de Santa Caterina<\/p><p>DEUX JOURS? Isola Bella + Isola Madre + Isola Pescatori + Villa Taranto + Ermitage de Santa Caterina<\/p><\/div><\/div>\t\t\t\t<\/div>\n\t\t\t\t<\/div>\n\t\t\t\t<div class=\"elementor-element elementor-element-18d180f elementor-widget elementor-widget-spacer\" data-id=\"18d180f\" data-element_type=\"widget\" data-widget_type=\"spacer.default\">\n\t\t\t\t<div class=\"elementor-widget-container\">\n\t\t\t\t\t\t\t<div class=\"elementor-spacer\">\n\t\t\t<div class=\"elementor-spacer-inner\"><\/div>\n\t\t<\/div>\n\t\t\t\t\t\t<\/div>\n\t\t\t\t<\/div>\n\t\t\t\t\t<\/div>\n\t\t<\/div>\n\t\t\t\t\t<\/div>\n\t\t<\/section>\n\t\t\t\t\t<\/div>\n\t\t<\/div>\n\t\t\t\t\t<\/div>\n\t\t<\/section>\n\t\t\t\t<section class=\"elementor-section elementor-top-section elementor-element elementor-element-2e26457 elementor-section-full_width elementor-section-content-middle elementor-section-height-default elementor-section-height-default\" data-id=\"2e26457\" data-element_type=\"section\">\n\t\t\t\t\t\t\t<div class=\"elementor-background-overlay\"><\/div>\n\t\t\t\t\t\t\t<div class=\"elementor-container elementor-column-gap-no\">\n\t\t\t\t\t<div class=\"elementor-column elementor-col-100 elementor-top-column elementor-element elementor-element-3bc2a38\" data-id=\"3bc2a38\" data-element_type=\"column\">\n\t\t\t<div class=\"elementor-widget-wrap elementor-element-populated\">\n\t\t\t\t\t\t<div class=\"elementor-element elementor-element-d8027fc elementor-widget elementor-widget-wgl-text-path\" data-id=\"d8027fc\" data-element_type=\"widget\" data-settings=\"{&quot;text&quot;:&quot;Excursion en bateau pour d\\u00e9couvrir le lac Majeur&quot;,&quot;animation_speed&quot;:70000,&quot;link&quot;:{&quot;url&quot;:&quot;&quot;,&quot;is_external&quot;:&quot;&quot;,&quot;nofollow&quot;:&quot;&quot;,&quot;custom_attributes&quot;:&quot;&quot;},&quot;start_point&quot;:{&quot;unit&quot;:&quot;%&quot;,&quot;size&quot;:100,&quot;sizes&quot;:[]},&quot;start_point_tablet&quot;:{&quot;unit&quot;:&quot;px&quot;,&quot;size&quot;:&quot;&quot;,&quot;sizes&quot;:[]},&quot;start_point_mobile&quot;:{&quot;unit&quot;:&quot;px&quot;,&quot;size&quot;:&quot;&quot;,&quot;sizes&quot;:[]},&quot;end_point&quot;:{&quot;unit&quot;:&quot;%&quot;,&quot;size&quot;:-10,&quot;sizes&quot;:[]},&quot;end_point_tablet&quot;:{&quot;unit&quot;:&quot;px&quot;,&quot;size&quot;:&quot;&quot;,&quot;sizes&quot;:[]},&quot;end_point_mobile&quot;:{&quot;unit&quot;:&quot;px&quot;,&quot;size&quot;:&quot;&quot;,&quot;sizes&quot;:[]}}\" data-widget_type=\"wgl-text-path.default\">\n\t\t\t\t<div class=\"elementor-widget-container\">\n\t\t\t\t\t\t\t<div class=\"wgl-text-path loop_animation  clone_text  stop_on_hover\" data-backspace-count=\"\" data-type-svg=\"wgl_line_simple\" data-text=\"Excursion en bateau pour d\u00e9couvrir le lac Majeur\">\r\n\t\t\t<div class=\"simple_line\"><\/div>\t\t\t\t\t<\/div>\r\n\t\t\t\t\t\t<\/div>\n\t\t\t\t<\/div>\n\t\t\t\t\t<\/div>\n\t\t<\/div>\n\t\t\t\t\t<\/div>\n\t\t<\/section>\n\t\t\t\t<section class=\"elementor-section elementor-top-section elementor-element elementor-element-6063990 elementor-section-boxed elementor-section-height-default elementor-section-height-default\" data-id=\"6063990\" data-element_type=\"section\">\n\t\t\t\t\t\t<div class=\"elementor-container elementor-column-gap-default\">\n\t\t\t\t\t<div class=\"elementor-column elementor-col-66 elementor-top-column elementor-element elementor-element-6e1caa0\" data-id=\"6e1caa0\" data-element_type=\"column\">\n\t\t\t<div class=\"elementor-widget-wrap elementor-element-populated\">\n\t\t\t\t\t\t<div class=\"elementor-element elementor-element-193db5b elementor-widget__width-initial divider-yes aleft elementor-widget elementor-widget-wgl-double-heading\" data-id=\"193db5b\" data-element_type=\"widget\" data-widget_type=\"wgl-double-heading.default\">\n\t\t\t\t<div class=\"elementor-widget-container\">\n\t\t\t\t\t<div class=\"wgl-double-heading\"><div class=\"dblh__subtitle\">devis personnalis\u00e9s<\/div><h3 class=\"dblh__title-wrapper\"><span class=\"dblh__title dblh__title-1\">Sei interessato ad un'escursione di gruppo in barca?<\/span><\/h3><div class=\"dblh__content\"><p>Le\u00a0devis est \u00e9tudi\u00e9 et personnalis\u00e9 en fonction de vos besoins<\/p><\/div><\/div>\t\t\t\t<\/div>\n\t\t\t\t<\/div>\n\t\t\t\t\t<\/div>\n\t\t<\/div>\n\t\t\t\t<div class=\"elementor-column elementor-col-33 elementor-top-column elementor-element elementor-element-5d568f2\" data-id=\"5d568f2\" data-element_type=\"column\">\n\t\t\t<div class=\"elementor-widget-wrap elementor-element-populated\">\n\t\t\t\t\t\t<div class=\"elementor-element elementor-element-13c6aae elementor-widget__width-auto aleft elementor-widget-icon-box wgl-icon-box elementor-widget elementor-widget-wgl-button\" data-id=\"13c6aae\" data-element_type=\"widget\" data-widget_type=\"wgl-button.default\">\n\t\t\t\t<div class=\"elementor-widget-container\">\n\t\t\t\t\t<a  class=\"wgl-button btn-size-xl \" role=\"button\" href=\"\/fr\/contacts\/\"><div class=\"button__content align-icon-left\"><div class=\"media-wrapper icon-wrapper\"><span class=\"wgl-icon\" ><i class=\"icon elementor-icon flaticon flaticon-plus-sign\" aria-hidden=\"true\"><\/i><\/span><\/div><span class=\"button__text\">Contactez-nous pour plus d'informations<\/span><\/div><\/a>\t\t\t\t<\/div>\n\t\t\t\t<\/div>\n\t\t\t\t<div class=\"elementor-element elementor-element-33d2cac elementor-widget elementor-widget-spacer\" data-id=\"33d2cac\" data-element_type=\"widget\" data-widget_type=\"spacer.default\">\n\t\t\t\t<div class=\"elementor-widget-container\">\n\t\t\t\t\t\t\t<div class=\"elementor-spacer\">\n\t\t\t<div class=\"elementor-spacer-inner\"><\/div>\n\t\t<\/div>\n\t\t\t\t\t\t<\/div>\n\t\t\t\t<\/div>\n\t\t\t\t\t<\/div>\n\t\t<\/div>\n\t\t\t\t\t<\/div>\n\t\t<\/section>\n\t\t\t\t<\/div>\n\t\t","protected":false},"excerpt":{"rendered":"<p>Services lagomaggioreboat Excursions sur le Lac Majeur pour groupes Organizziamo e gestiamo escursioni personalizzate per\u00a0famiglie, gruppi, comitive, scuole, gite, cerimonie ed eventi, sia di giorno che di sera. Siamo in grado di trasportare comitive e scolaresche grazie ai nostri moderni\u00a0motoscafi\u00a0che hanno una portata massima di 60 persone. Mettiamo a disposizione le nostre imbarcazioni per\u00a0crociere diurne [&hellip;]<\/p>\n","protected":false},"author":1,"featured_media":0,"parent":0,"menu_order":0,"comment_status":"closed","ping_status":"closed","template":"","meta":{"footnotes":""},"class_list":["post-3920","page","type-page","status-publish","hentry"],"yoast_head":"<!-- This site is optimized with the Yoast SEO plugin v26.3 - https:\/\/yoast.com\/wordpress\/plugins\/seo\/ -->\n<title>Excursions pour groupes - Lagomaggioreboat<\/title>\n<meta name=\"robots\" content=\"index, follow, max-snippet:-1, max-image-preview:large, max-video-preview:-1\" \/>\n<link rel=\"canonical\" href=\"https:\/\/www.lagomaggioreboat.it\/fr\/excursions-pour-groupes\/\" \/>\n<meta property=\"og:locale\" content=\"fr_FR\" \/>\n<meta property=\"og:type\" content=\"article\" \/>\n<meta property=\"og:title\" content=\"Excursions pour groupes - Lagomaggioreboat\" \/>\n<meta property=\"og:description\" content=\"Services lagomaggioreboat Excursions sur le Lac Majeur pour groupes Organizziamo e gestiamo escursioni personalizzate per\u00a0famiglie, gruppi, comitive, scuole, gite, cerimonie ed eventi, sia di giorno che di sera. Siamo in grado di trasportare comitive e scolaresche grazie ai nostri moderni\u00a0motoscafi\u00a0che hanno una portata massima di 60 persone. Mettiamo a disposizione le nostre imbarcazioni per\u00a0crociere diurne [&hellip;]\" \/>\n<meta property=\"og:url\" content=\"https:\/\/www.lagomaggioreboat.it\/fr\/excursions-pour-groupes\/\" \/>\n<meta property=\"og:site_name\" content=\"Lagomaggioreboat\" \/>\n<meta property=\"article:publisher\" content=\"https:\/\/www.facebook.com\/Lagomaggioreboat\" \/>\n<meta property=\"article:modified_time\" content=\"2024-08-19T10:09:01+00:00\" \/>\n<meta name=\"twitter:card\" content=\"summary_large_image\" \/>\n<meta name=\"twitter:label1\" content=\"Dur\u00e9e de lecture estim\u00e9e\" \/>\n\t<meta name=\"twitter:data1\" content=\"1 minute\" \/>\n<script type=\"application\/ld+json\" class=\"yoast-schema-graph\">{\"@context\":\"https:\/\/schema.org\",\"@graph\":[{\"@type\":\"WebPage\",\"@id\":\"https:\/\/www.lagomaggioreboat.it\/fr\/excursions-pour-groupes\/\",\"url\":\"https:\/\/www.lagomaggioreboat.it\/fr\/excursions-pour-groupes\/\",\"name\":\"Excursions pour groupes - Lagomaggioreboat\",\"isPartOf\":{\"@id\":\"https:\/\/www.lagomaggioreboat.it\/fr\/#website\"},\"datePublished\":\"2024-07-08T13:58:03+00:00\",\"dateModified\":\"2024-08-19T10:09:01+00:00\",\"breadcrumb\":{\"@id\":\"https:\/\/www.lagomaggioreboat.it\/fr\/excursions-pour-groupes\/#breadcrumb\"},\"inLanguage\":\"fr-FR\",\"potentialAction\":[{\"@type\":\"ReadAction\",\"target\":[\"https:\/\/www.lagomaggioreboat.it\/fr\/excursions-pour-groupes\/\"]}]},{\"@type\":\"BreadcrumbList\",\"@id\":\"https:\/\/www.lagomaggioreboat.it\/fr\/excursions-pour-groupes\/#breadcrumb\",\"itemListElement\":[{\"@type\":\"ListItem\",\"position\":1,\"name\":\"Home\",\"item\":\"https:\/\/www.lagomaggioreboat.it\/fr\/\"},{\"@type\":\"ListItem\",\"position\":2,\"name\":\"Excursions pour groupes\"}]},{\"@type\":\"WebSite\",\"@id\":\"https:\/\/www.lagomaggioreboat.it\/fr\/#website\",\"url\":\"https:\/\/www.lagomaggioreboat.it\/fr\/\",\"name\":\"Lagomaggioreboat\",\"description\":\"Navigazione sul Lago Maggiore\",\"publisher\":{\"@id\":\"https:\/\/www.lagomaggioreboat.it\/fr\/#organization\"},\"potentialAction\":[{\"@type\":\"SearchAction\",\"target\":{\"@type\":\"EntryPoint\",\"urlTemplate\":\"https:\/\/www.lagomaggioreboat.it\/fr\/?s={search_term_string}\"},\"query-input\":{\"@type\":\"PropertyValueSpecification\",\"valueRequired\":true,\"valueName\":\"search_term_string\"}}],\"inLanguage\":\"fr-FR\"},{\"@type\":\"Organization\",\"@id\":\"https:\/\/www.lagomaggioreboat.it\/fr\/#organization\",\"name\":\"Lagomaggioreboat\",\"url\":\"https:\/\/www.lagomaggioreboat.it\/fr\/\",\"logo\":{\"@type\":\"ImageObject\",\"inLanguage\":\"fr-FR\",\"@id\":\"https:\/\/www.lagomaggioreboat.it\/fr\/#\/schema\/logo\/image\/\",\"url\":\"https:\/\/www.lagomaggioreboat.it\/wp-content\/uploads\/2022\/10\/logo-lagomaggioreboat.png\",\"contentUrl\":\"https:\/\/www.lagomaggioreboat.it\/wp-content\/uploads\/2022\/10\/logo-lagomaggioreboat.png\",\"width\":721,\"height\":148,\"caption\":\"Lagomaggioreboat\"},\"image\":{\"@id\":\"https:\/\/www.lagomaggioreboat.it\/fr\/#\/schema\/logo\/image\/\"},\"sameAs\":[\"https:\/\/www.facebook.com\/Lagomaggioreboat\"]}]}<\/script>\n<!-- \/ Yoast SEO plugin. -->","yoast_head_json":{"title":"Excursions pour groupes - Lagomaggioreboat","robots":{"index":"index","follow":"follow","max-snippet":"max-snippet:-1","max-image-preview":"max-image-preview:large","max-video-preview":"max-video-preview:-1"},"canonical":"https:\/\/www.lagomaggioreboat.it\/fr\/excursions-pour-groupes\/","og_locale":"fr_FR","og_type":"article","og_title":"Excursions pour groupes - Lagomaggioreboat","og_description":"Services lagomaggioreboat Excursions sur le Lac Majeur pour groupes Organizziamo e gestiamo escursioni personalizzate per\u00a0famiglie, gruppi, comitive, scuole, gite, cerimonie ed eventi, sia di giorno che di sera. Siamo in grado di trasportare comitive e scolaresche grazie ai nostri moderni\u00a0motoscafi\u00a0che hanno una portata massima di 60 persone. Mettiamo a disposizione le nostre imbarcazioni per\u00a0crociere diurne [&hellip;]","og_url":"https:\/\/www.lagomaggioreboat.it\/fr\/excursions-pour-groupes\/","og_site_name":"Lagomaggioreboat","article_publisher":"https:\/\/www.facebook.com\/Lagomaggioreboat","article_modified_time":"2024-08-19T10:09:01+00:00","twitter_card":"summary_large_image","twitter_misc":{"Dur\u00e9e de lecture estim\u00e9e":"1 minute"},"schema":{"@context":"https:\/\/schema.org","@graph":[{"@type":"WebPage","@id":"https:\/\/www.lagomaggioreboat.it\/fr\/excursions-pour-groupes\/","url":"https:\/\/www.lagomaggioreboat.it\/fr\/excursions-pour-groupes\/","name":"Excursions pour groupes - Lagomaggioreboat","isPartOf":{"@id":"https:\/\/www.lagomaggioreboat.it\/fr\/#website"},"datePublished":"2024-07-08T13:58:03+00:00","dateModified":"2024-08-19T10:09:01+00:00","breadcrumb":{"@id":"https:\/\/www.lagomaggioreboat.it\/fr\/excursions-pour-groupes\/#breadcrumb"},"inLanguage":"fr-FR","potentialAction":[{"@type":"ReadAction","target":["https:\/\/www.lagomaggioreboat.it\/fr\/excursions-pour-groupes\/"]}]},{"@type":"BreadcrumbList","@id":"https:\/\/www.lagomaggioreboat.it\/fr\/excursions-pour-groupes\/#breadcrumb","itemListElement":[{"@type":"ListItem","position":1,"name":"Home","item":"https:\/\/www.lagomaggioreboat.it\/fr\/"},{"@type":"ListItem","position":2,"name":"Excursions pour groupes"}]},{"@type":"WebSite","@id":"https:\/\/www.lagomaggioreboat.it\/fr\/#website","url":"https:\/\/www.lagomaggioreboat.it\/fr\/","name":"Lagomaggioreboat","description":"Navigazione sul Lago Maggiore","publisher":{"@id":"https:\/\/www.lagomaggioreboat.it\/fr\/#organization"},"potentialAction":[{"@type":"SearchAction","target":{"@type":"EntryPoint","urlTemplate":"https:\/\/www.lagomaggioreboat.it\/fr\/?s={search_term_string}"},"query-input":{"@type":"PropertyValueSpecification","valueRequired":true,"valueName":"search_term_string"}}],"inLanguage":"fr-FR"},{"@type":"Organization","@id":"https:\/\/www.lagomaggioreboat.it\/fr\/#organization","name":"Lagomaggioreboat","url":"https:\/\/www.lagomaggioreboat.it\/fr\/","logo":{"@type":"ImageObject","inLanguage":"fr-FR","@id":"https:\/\/www.lagomaggioreboat.it\/fr\/#\/schema\/logo\/image\/","url":"https:\/\/www.lagomaggioreboat.it\/wp-content\/uploads\/2022\/10\/logo-lagomaggioreboat.png","contentUrl":"https:\/\/www.lagomaggioreboat.it\/wp-content\/uploads\/2022\/10\/logo-lagomaggioreboat.png","width":721,"height":148,"caption":"Lagomaggioreboat"},"image":{"@id":"https:\/\/www.lagomaggioreboat.it\/fr\/#\/schema\/logo\/image\/"},"sameAs":["https:\/\/www.facebook.com\/Lagomaggioreboat"]}]}},"_links":{"self":[{"href":"https:\/\/www.lagomaggioreboat.it\/fr\/wp-json\/wp\/v2\/pages\/3920","targetHints":{"allow":["GET"]}}],"collection":[{"href":"https:\/\/www.lagomaggioreboat.it\/fr\/wp-json\/wp\/v2\/pages"}],"about":[{"href":"https:\/\/www.lagomaggioreboat.it\/fr\/wp-json\/wp\/v2\/types\/page"}],"author":[{"embeddable":true,"href":"https:\/\/www.lagomaggioreboat.it\/fr\/wp-json\/wp\/v2\/users\/1"}],"replies":[{"embeddable":true,"href":"https:\/\/www.lagomaggioreboat.it\/fr\/wp-json\/wp\/v2\/comments?post=3920"}],"version-history":[{"count":13,"href":"https:\/\/www.lagomaggioreboat.it\/fr\/wp-json\/wp\/v2\/pages\/3920\/revisions"}],"predecessor-version":[{"id":5230,"href":"https:\/\/www.lagomaggioreboat.it\/fr\/wp-json\/wp\/v2\/pages\/3920\/revisions\/5230"}],"wp:attachment":[{"href":"https:\/\/www.lagomaggioreboat.it\/fr\/wp-json\/wp\/v2\/media?parent=3920"}],"curies":[{"name":"wp","href":"https:\/\/api.w.org\/{rel}","templated":true}]}}