{"id":3908,"date":"2024-07-08T16:49:59","date_gmt":"2024-07-08T14:49:59","guid":{"rendered":"http:\/\/test.lagomaggioreboat.it\/noleggio\/"},"modified":"2024-08-19T12:16:15","modified_gmt":"2024-08-19T10:16:15","slug":"location","status":"publish","type":"page","link":"https:\/\/www.lagomaggioreboat.it\/fr\/location\/","title":{"rendered":"Location de bateau"},"content":{"rendered":"\t\t<div data-elementor-type=\"wp-page\" data-elementor-id=\"3908\" class=\"elementor elementor-3908 elementor-3090\">\n\t\t\t\t\t\t<section class=\"elementor-section elementor-top-section elementor-element elementor-element-9b4f465 elementor-section-boxed elementor-section-height-default elementor-section-height-default\" data-id=\"9b4f465\" data-element_type=\"section\">\n\t\t\t\t\t\t<div class=\"elementor-container elementor-column-gap-default\">\n\t\t\t\t\t<div class=\"elementor-column elementor-col-50 elementor-top-column elementor-element elementor-element-cd14776\" data-id=\"cd14776\" data-element_type=\"column\">\n\t\t\t<div class=\"elementor-widget-wrap elementor-element-populated\">\n\t\t\t\t\t\t<div class=\"elementor-element elementor-element-e488b91 elementor-widget__width-initial divider-yes aleft elementor-widget elementor-widget-wgl-double-heading\" data-id=\"e488b91\" data-element_type=\"widget\" data-widget_type=\"wgl-double-heading.default\">\n\t\t\t\t<div class=\"elementor-widget-container\">\n\t\t\t\t\t<div class=\"wgl-double-heading\"><div class=\"dblh__subtitle\">Services lagomaggioreboat<\/div><h1 class=\"dblh__title-wrapper\"><span class=\"dblh__title dblh__title-1\">Location de bateaux pour naviguer sur le Lac Majeur<\/span><\/h1><\/div>\t\t\t\t<\/div>\n\t\t\t\t<\/div>\n\t\t\t\t<div class=\"elementor-element elementor-element-af7ed9d elementor-widget elementor-widget-spacer\" data-id=\"af7ed9d\" data-element_type=\"widget\" data-widget_type=\"spacer.default\">\n\t\t\t\t<div class=\"elementor-widget-container\">\n\t\t\t\t\t\t\t<div class=\"elementor-spacer\">\n\t\t\t<div class=\"elementor-spacer-inner\"><\/div>\n\t\t<\/div>\n\t\t\t\t\t\t<\/div>\n\t\t\t\t<\/div>\n\t\t\t\t\t<\/div>\n\t\t<\/div>\n\t\t\t\t<div class=\"elementor-column elementor-col-50 elementor-top-column elementor-element elementor-element-d1d296f\" data-id=\"d1d296f\" data-element_type=\"column\">\n\t\t\t<div class=\"elementor-widget-wrap elementor-element-populated\">\n\t\t\t\t\t\t<div class=\"elementor-element elementor-element-af52321 elementor-widget elementor-widget-text-editor\" data-id=\"af52321\" data-element_type=\"widget\" data-widget_type=\"text-editor.default\">\n\t\t\t\t<div class=\"elementor-widget-container\">\n\t\t\t\t\t\t\t\t\t<p><strong>Noleggiamo le nostre barche con capienza fino a 60 persone<\/strong> per <span>escursioni turistiche<\/span>, gite, eventi e crociere notturne.<\/p><p>Il cliente ha la possibilit\u00e0 di realizzare un itinerario completamente personalizzato (la nostra esperienza \u00e8 a vostra disposizione), cos\u00ec come personalizzate sono le tariffe e le offerte proposte da Lagomaggioreboat.\u00a0<span>Il costo del noleggio comprende il carburante consumato.<\/span><\/p><p><a href=\"\/contatti\/\" target=\"_blank\" rel=\"noopener\">Contattaci subito<\/a> per avere la tua quotazione!<\/p><p><strong>Prenota anticipatamente<\/strong> il tuo motoscafo per avere la certezza che sia disponibile per il periodo desiderato.<\/p><p>Scopri tutte le <a href=\"\/barche\/\" target=\"_blank\" title=\"Barche\" rel=\"noopener\">caratteristiche dei nostri motoscafi <\/a>e scegli quale noleggiare: <br \/>SIGNORA PAOLA o NAMASTE&#8217; ?<\/p>\t\t\t\t\t\t\t\t<\/div>\n\t\t\t\t<\/div>\n\t\t\t\t\t<\/div>\n\t\t<\/div>\n\t\t\t\t\t<\/div>\n\t\t<\/section>\n\t\t\t\t<section class=\"elementor-section elementor-top-section elementor-element elementor-element-b033e2c elementor-section-full_width elementor-section-height-default elementor-section-height-default\" data-id=\"b033e2c\" data-element_type=\"section\" data-settings=\"{&quot;background_background&quot;:&quot;classic&quot;}\">\n\t\t\t\t\t\t<div class=\"elementor-container elementor-column-gap-no\">\n\t\t\t\t\t<div class=\"elementor-column elementor-col-100 elementor-top-column elementor-element elementor-element-d66f147\" data-id=\"d66f147\" data-element_type=\"column\">\n\t\t\t<div class=\"elementor-widget-wrap elementor-element-populated\">\n\t\t\t\t\t\t<section class=\"elementor-section elementor-inner-section elementor-element elementor-element-063d4bd elementor-section-full_width elementor-section-height-default elementor-section-height-default\" data-id=\"063d4bd\" data-element_type=\"section\">\n\t\t\t\t\t\t<div class=\"elementor-container elementor-column-gap-no\">\n\t\t\t\t\t<div class=\"elementor-column elementor-col-50 elementor-inner-column elementor-element elementor-element-07cdf95\" data-id=\"07cdf95\" data-element_type=\"column\" data-settings=\"{&quot;background_background&quot;:&quot;classic&quot;}\">\n\t\t\t<div class=\"elementor-widget-wrap elementor-element-populated\">\n\t\t\t\t\t\t<div class=\"elementor-element elementor-element-26987c5 elementor-widget elementor-widget-spacer\" data-id=\"26987c5\" data-element_type=\"widget\" data-widget_type=\"spacer.default\">\n\t\t\t\t<div class=\"elementor-widget-container\">\n\t\t\t\t\t\t\t<div class=\"elementor-spacer\">\n\t\t\t<div class=\"elementor-spacer-inner\"><\/div>\n\t\t<\/div>\n\t\t\t\t\t\t<\/div>\n\t\t\t\t<\/div>\n\t\t\t\t\t<\/div>\n\t\t<\/div>\n\t\t\t\t<div class=\"elementor-column elementor-col-50 elementor-inner-column elementor-element elementor-element-c2ea5b4\" data-id=\"c2ea5b4\" data-element_type=\"column\">\n\t\t\t<div class=\"elementor-widget-wrap elementor-element-populated\">\n\t\t\t\t\t\t<div class=\"elementor-element elementor-element-6895020 elementor-widget__width-initial elementor-widget-tablet__width-inherit divider-yes aleft elementor-widget elementor-widget-wgl-double-heading\" data-id=\"6895020\" data-element_type=\"widget\" data-widget_type=\"wgl-double-heading.default\">\n\t\t\t\t<div class=\"elementor-widget-container\">\n\t\t\t\t\t<div class=\"wgl-double-heading\"><div class=\"dblh__subtitle\">Suivez nos conseils<\/div><h3 class=\"dblh__title-wrapper\"><span class=\"dblh__title dblh__title-1\">Personnalisez votre exp\u00e9rience \u00e0 bord<\/span><\/h3><div class=\"dblh__content\"><p>Pour rendre votre exp\u00e9rience encore plus unique, demandez le service \u00ab Ap\u00e9ritif \u00e0 bord \u00bb (max. 15 personnes).<\/p><p>Les bateaux sont \u00e9quip\u00e9s des \u00e9quipements de s\u00e9curit\u00e9 obligatoires n\u00e9cessaires \u00e0 la navigation.<\/p><\/div><\/div>\t\t\t\t<\/div>\n\t\t\t\t<\/div>\n\t\t\t\t\t<\/div>\n\t\t<\/div>\n\t\t\t\t\t<\/div>\n\t\t<\/section>\n\t\t\t\t\t<\/div>\n\t\t<\/div>\n\t\t\t\t\t<\/div>\n\t\t<\/section>\n\t\t\t\t<section class=\"elementor-section elementor-top-section elementor-element elementor-element-35189dd elementor-section-full_width elementor-section-content-middle elementor-section-height-default elementor-section-height-default\" data-id=\"35189dd\" data-element_type=\"section\">\n\t\t\t\t\t\t\t<div class=\"elementor-background-overlay\"><\/div>\n\t\t\t\t\t\t\t<div class=\"elementor-container elementor-column-gap-no\">\n\t\t\t\t\t<div class=\"elementor-column elementor-col-100 elementor-top-column elementor-element elementor-element-f9dd4d4\" data-id=\"f9dd4d4\" data-element_type=\"column\">\n\t\t\t<div class=\"elementor-widget-wrap elementor-element-populated\">\n\t\t\t\t\t\t<div class=\"elementor-element elementor-element-aaef6c4 elementor-widget elementor-widget-wgl-text-path\" data-id=\"aaef6c4\" data-element_type=\"widget\" data-settings=\"{&quot;text&quot;:&quot;Excursion en bateau pour d\\u00e9couvrir le lac Majeur&quot;,&quot;animation_speed&quot;:70000,&quot;link&quot;:{&quot;url&quot;:&quot;&quot;,&quot;is_external&quot;:&quot;&quot;,&quot;nofollow&quot;:&quot;&quot;,&quot;custom_attributes&quot;:&quot;&quot;},&quot;start_point&quot;:{&quot;unit&quot;:&quot;%&quot;,&quot;size&quot;:100,&quot;sizes&quot;:[]},&quot;start_point_tablet&quot;:{&quot;unit&quot;:&quot;px&quot;,&quot;size&quot;:&quot;&quot;,&quot;sizes&quot;:[]},&quot;start_point_mobile&quot;:{&quot;unit&quot;:&quot;px&quot;,&quot;size&quot;:&quot;&quot;,&quot;sizes&quot;:[]},&quot;end_point&quot;:{&quot;unit&quot;:&quot;%&quot;,&quot;size&quot;:-10,&quot;sizes&quot;:[]},&quot;end_point_tablet&quot;:{&quot;unit&quot;:&quot;px&quot;,&quot;size&quot;:&quot;&quot;,&quot;sizes&quot;:[]},&quot;end_point_mobile&quot;:{&quot;unit&quot;:&quot;px&quot;,&quot;size&quot;:&quot;&quot;,&quot;sizes&quot;:[]}}\" data-widget_type=\"wgl-text-path.default\">\n\t\t\t\t<div class=\"elementor-widget-container\">\n\t\t\t\t\t\t\t<div class=\"wgl-text-path loop_animation  clone_text  stop_on_hover\" data-backspace-count=\"\" data-type-svg=\"wgl_line_simple\" data-text=\"Excursion en bateau pour d\u00e9couvrir le lac Majeur\">\r\n\t\t\t<div class=\"simple_line\"><\/div>\t\t\t\t\t<\/div>\r\n\t\t\t\t\t\t<\/div>\n\t\t\t\t<\/div>\n\t\t\t\t\t<\/div>\n\t\t<\/div>\n\t\t\t\t\t<\/div>\n\t\t<\/section>\n\t\t\t\t<section class=\"elementor-section elementor-top-section elementor-element elementor-element-6063990 elementor-section-boxed elementor-section-height-default elementor-section-height-default\" data-id=\"6063990\" data-element_type=\"section\">\n\t\t\t\t\t\t<div class=\"elementor-container elementor-column-gap-default\">\n\t\t\t\t\t<div class=\"elementor-column elementor-col-66 elementor-top-column elementor-element elementor-element-6e1caa0\" data-id=\"6e1caa0\" data-element_type=\"column\">\n\t\t\t<div class=\"elementor-widget-wrap elementor-element-populated\">\n\t\t\t\t\t\t<div class=\"elementor-element elementor-element-193db5b elementor-widget__width-initial divider-yes aleft elementor-widget elementor-widget-wgl-double-heading\" data-id=\"193db5b\" data-element_type=\"widget\" data-widget_type=\"wgl-double-heading.default\">\n\t\t\t\t<div class=\"elementor-widget-container\">\n\t\t\t\t\t<div class=\"wgl-double-heading\"><div class=\"dblh__subtitle\">devis personnalis\u00e9s<\/div><h3 class=\"dblh__title-wrapper\"><span class=\"dblh__title dblh__title-1\">\u00cates-vous int\u00e9ress\u00e9 par le service de location de bateaux?<\/span><\/h3><div class=\"dblh__content\"><p>Le\u00a0devis est \u00e9tudi\u00e9 et personnalis\u00e9 en fonction de vos besoins<\/p><\/div><\/div>\t\t\t\t<\/div>\n\t\t\t\t<\/div>\n\t\t\t\t\t<\/div>\n\t\t<\/div>\n\t\t\t\t<div class=\"elementor-column elementor-col-33 elementor-top-column elementor-element elementor-element-5d568f2\" data-id=\"5d568f2\" data-element_type=\"column\">\n\t\t\t<div class=\"elementor-widget-wrap elementor-element-populated\">\n\t\t\t\t\t\t<div class=\"elementor-element elementor-element-0f8a77f elementor-widget__width-auto aleft elementor-widget-icon-box wgl-icon-box elementor-widget elementor-widget-wgl-button\" data-id=\"0f8a77f\" data-element_type=\"widget\" data-widget_type=\"wgl-button.default\">\n\t\t\t\t<div class=\"elementor-widget-container\">\n\t\t\t\t\t<a  class=\"wgl-button btn-size-xl \" role=\"button\" href=\"\/fr\/contacts\/\"><div class=\"button__content align-icon-left\"><div class=\"media-wrapper icon-wrapper\"><span class=\"wgl-icon\" ><i class=\"icon elementor-icon flaticon flaticon-plus-sign\" aria-hidden=\"true\"><\/i><\/span><\/div><span class=\"button__text\">Contactez-nous pour plus d'informations<\/span><\/div><\/a>\t\t\t\t<\/div>\n\t\t\t\t<\/div>\n\t\t\t\t<div class=\"elementor-element elementor-element-33d2cac elementor-widget elementor-widget-spacer\" data-id=\"33d2cac\" data-element_type=\"widget\" data-widget_type=\"spacer.default\">\n\t\t\t\t<div class=\"elementor-widget-container\">\n\t\t\t\t\t\t\t<div class=\"elementor-spacer\">\n\t\t\t<div class=\"elementor-spacer-inner\"><\/div>\n\t\t<\/div>\n\t\t\t\t\t\t<\/div>\n\t\t\t\t<\/div>\n\t\t\t\t\t<\/div>\n\t\t<\/div>\n\t\t\t\t\t<\/div>\n\t\t<\/section>\n\t\t\t\t<\/div>\n\t\t","protected":false},"excerpt":{"rendered":"<p>Services lagomaggioreboat Location de bateaux pour naviguer sur le Lac Majeur Noleggiamo le nostre barche con capienza fino a 60 persone per escursioni turistiche, gite, eventi e crociere notturne. Il cliente ha la possibilit\u00e0 di realizzare un itinerario completamente personalizzato (la nostra esperienza \u00e8 a vostra disposizione), cos\u00ec come personalizzate sono le tariffe e le [&hellip;]<\/p>\n","protected":false},"author":1,"featured_media":0,"parent":0,"menu_order":0,"comment_status":"closed","ping_status":"closed","template":"","meta":{"footnotes":""},"class_list":["post-3908","page","type-page","status-publish","hentry"],"yoast_head":"<!-- This site is optimized with the Yoast SEO plugin v26.3 - https:\/\/yoast.com\/wordpress\/plugins\/seo\/ -->\n<title>Location de bateau - Lagomaggioreboat<\/title>\n<meta name=\"robots\" content=\"index, follow, max-snippet:-1, max-image-preview:large, max-video-preview:-1\" \/>\n<link rel=\"canonical\" href=\"https:\/\/www.lagomaggioreboat.it\/fr\/location\/\" \/>\n<meta property=\"og:locale\" content=\"fr_FR\" \/>\n<meta property=\"og:type\" content=\"article\" \/>\n<meta property=\"og:title\" content=\"Location de bateau - Lagomaggioreboat\" \/>\n<meta property=\"og:description\" content=\"Services lagomaggioreboat Location de bateaux pour naviguer sur le Lac Majeur Noleggiamo le nostre barche con capienza fino a 60 persone per escursioni turistiche, gite, eventi e crociere notturne. Il cliente ha la possibilit\u00e0 di realizzare un itinerario completamente personalizzato (la nostra esperienza \u00e8 a vostra disposizione), cos\u00ec come personalizzate sono le tariffe e le [&hellip;]\" \/>\n<meta property=\"og:url\" content=\"https:\/\/www.lagomaggioreboat.it\/fr\/location\/\" \/>\n<meta property=\"og:site_name\" content=\"Lagomaggioreboat\" \/>\n<meta property=\"article:publisher\" content=\"https:\/\/www.facebook.com\/Lagomaggioreboat\" \/>\n<meta property=\"article:modified_time\" content=\"2024-08-19T10:16:15+00:00\" \/>\n<meta name=\"twitter:card\" content=\"summary_large_image\" \/>\n<meta name=\"twitter:label1\" content=\"Dur\u00e9e de lecture estim\u00e9e\" \/>\n\t<meta name=\"twitter:data1\" content=\"1 minute\" \/>\n<script type=\"application\/ld+json\" class=\"yoast-schema-graph\">{\"@context\":\"https:\/\/schema.org\",\"@graph\":[{\"@type\":\"WebPage\",\"@id\":\"https:\/\/www.lagomaggioreboat.it\/fr\/location\/\",\"url\":\"https:\/\/www.lagomaggioreboat.it\/fr\/location\/\",\"name\":\"Location de bateau - Lagomaggioreboat\",\"isPartOf\":{\"@id\":\"https:\/\/www.lagomaggioreboat.it\/fr\/#website\"},\"datePublished\":\"2024-07-08T14:49:59+00:00\",\"dateModified\":\"2024-08-19T10:16:15+00:00\",\"breadcrumb\":{\"@id\":\"https:\/\/www.lagomaggioreboat.it\/fr\/location\/#breadcrumb\"},\"inLanguage\":\"fr-FR\",\"potentialAction\":[{\"@type\":\"ReadAction\",\"target\":[\"https:\/\/www.lagomaggioreboat.it\/fr\/location\/\"]}]},{\"@type\":\"BreadcrumbList\",\"@id\":\"https:\/\/www.lagomaggioreboat.it\/fr\/location\/#breadcrumb\",\"itemListElement\":[{\"@type\":\"ListItem\",\"position\":1,\"name\":\"Home\",\"item\":\"https:\/\/www.lagomaggioreboat.it\/fr\/\"},{\"@type\":\"ListItem\",\"position\":2,\"name\":\"Location de bateau\"}]},{\"@type\":\"WebSite\",\"@id\":\"https:\/\/www.lagomaggioreboat.it\/fr\/#website\",\"url\":\"https:\/\/www.lagomaggioreboat.it\/fr\/\",\"name\":\"Lagomaggioreboat\",\"description\":\"Navigazione sul Lago Maggiore\",\"publisher\":{\"@id\":\"https:\/\/www.lagomaggioreboat.it\/fr\/#organization\"},\"potentialAction\":[{\"@type\":\"SearchAction\",\"target\":{\"@type\":\"EntryPoint\",\"urlTemplate\":\"https:\/\/www.lagomaggioreboat.it\/fr\/?s={search_term_string}\"},\"query-input\":{\"@type\":\"PropertyValueSpecification\",\"valueRequired\":true,\"valueName\":\"search_term_string\"}}],\"inLanguage\":\"fr-FR\"},{\"@type\":\"Organization\",\"@id\":\"https:\/\/www.lagomaggioreboat.it\/fr\/#organization\",\"name\":\"Lagomaggioreboat\",\"url\":\"https:\/\/www.lagomaggioreboat.it\/fr\/\",\"logo\":{\"@type\":\"ImageObject\",\"inLanguage\":\"fr-FR\",\"@id\":\"https:\/\/www.lagomaggioreboat.it\/fr\/#\/schema\/logo\/image\/\",\"url\":\"https:\/\/www.lagomaggioreboat.it\/wp-content\/uploads\/2022\/10\/logo-lagomaggioreboat.png\",\"contentUrl\":\"https:\/\/www.lagomaggioreboat.it\/wp-content\/uploads\/2022\/10\/logo-lagomaggioreboat.png\",\"width\":721,\"height\":148,\"caption\":\"Lagomaggioreboat\"},\"image\":{\"@id\":\"https:\/\/www.lagomaggioreboat.it\/fr\/#\/schema\/logo\/image\/\"},\"sameAs\":[\"https:\/\/www.facebook.com\/Lagomaggioreboat\"]}]}<\/script>\n<!-- \/ Yoast SEO plugin. -->","yoast_head_json":{"title":"Location de bateau - Lagomaggioreboat","robots":{"index":"index","follow":"follow","max-snippet":"max-snippet:-1","max-image-preview":"max-image-preview:large","max-video-preview":"max-video-preview:-1"},"canonical":"https:\/\/www.lagomaggioreboat.it\/fr\/location\/","og_locale":"fr_FR","og_type":"article","og_title":"Location de bateau - Lagomaggioreboat","og_description":"Services lagomaggioreboat Location de bateaux pour naviguer sur le Lac Majeur Noleggiamo le nostre barche con capienza fino a 60 persone per escursioni turistiche, gite, eventi e crociere notturne. Il cliente ha la possibilit\u00e0 di realizzare un itinerario completamente personalizzato (la nostra esperienza \u00e8 a vostra disposizione), cos\u00ec come personalizzate sono le tariffe e le [&hellip;]","og_url":"https:\/\/www.lagomaggioreboat.it\/fr\/location\/","og_site_name":"Lagomaggioreboat","article_publisher":"https:\/\/www.facebook.com\/Lagomaggioreboat","article_modified_time":"2024-08-19T10:16:15+00:00","twitter_card":"summary_large_image","twitter_misc":{"Dur\u00e9e de lecture estim\u00e9e":"1 minute"},"schema":{"@context":"https:\/\/schema.org","@graph":[{"@type":"WebPage","@id":"https:\/\/www.lagomaggioreboat.it\/fr\/location\/","url":"https:\/\/www.lagomaggioreboat.it\/fr\/location\/","name":"Location de bateau - Lagomaggioreboat","isPartOf":{"@id":"https:\/\/www.lagomaggioreboat.it\/fr\/#website"},"datePublished":"2024-07-08T14:49:59+00:00","dateModified":"2024-08-19T10:16:15+00:00","breadcrumb":{"@id":"https:\/\/www.lagomaggioreboat.it\/fr\/location\/#breadcrumb"},"inLanguage":"fr-FR","potentialAction":[{"@type":"ReadAction","target":["https:\/\/www.lagomaggioreboat.it\/fr\/location\/"]}]},{"@type":"BreadcrumbList","@id":"https:\/\/www.lagomaggioreboat.it\/fr\/location\/#breadcrumb","itemListElement":[{"@type":"ListItem","position":1,"name":"Home","item":"https:\/\/www.lagomaggioreboat.it\/fr\/"},{"@type":"ListItem","position":2,"name":"Location de bateau"}]},{"@type":"WebSite","@id":"https:\/\/www.lagomaggioreboat.it\/fr\/#website","url":"https:\/\/www.lagomaggioreboat.it\/fr\/","name":"Lagomaggioreboat","description":"Navigazione sul Lago Maggiore","publisher":{"@id":"https:\/\/www.lagomaggioreboat.it\/fr\/#organization"},"potentialAction":[{"@type":"SearchAction","target":{"@type":"EntryPoint","urlTemplate":"https:\/\/www.lagomaggioreboat.it\/fr\/?s={search_term_string}"},"query-input":{"@type":"PropertyValueSpecification","valueRequired":true,"valueName":"search_term_string"}}],"inLanguage":"fr-FR"},{"@type":"Organization","@id":"https:\/\/www.lagomaggioreboat.it\/fr\/#organization","name":"Lagomaggioreboat","url":"https:\/\/www.lagomaggioreboat.it\/fr\/","logo":{"@type":"ImageObject","inLanguage":"fr-FR","@id":"https:\/\/www.lagomaggioreboat.it\/fr\/#\/schema\/logo\/image\/","url":"https:\/\/www.lagomaggioreboat.it\/wp-content\/uploads\/2022\/10\/logo-lagomaggioreboat.png","contentUrl":"https:\/\/www.lagomaggioreboat.it\/wp-content\/uploads\/2022\/10\/logo-lagomaggioreboat.png","width":721,"height":148,"caption":"Lagomaggioreboat"},"image":{"@id":"https:\/\/www.lagomaggioreboat.it\/fr\/#\/schema\/logo\/image\/"},"sameAs":["https:\/\/www.facebook.com\/Lagomaggioreboat"]}]}},"_links":{"self":[{"href":"https:\/\/www.lagomaggioreboat.it\/fr\/wp-json\/wp\/v2\/pages\/3908","targetHints":{"allow":["GET"]}}],"collection":[{"href":"https:\/\/www.lagomaggioreboat.it\/fr\/wp-json\/wp\/v2\/pages"}],"about":[{"href":"https:\/\/www.lagomaggioreboat.it\/fr\/wp-json\/wp\/v2\/types\/page"}],"author":[{"embeddable":true,"href":"https:\/\/www.lagomaggioreboat.it\/fr\/wp-json\/wp\/v2\/users\/1"}],"replies":[{"embeddable":true,"href":"https:\/\/www.lagomaggioreboat.it\/fr\/wp-json\/wp\/v2\/comments?post=3908"}],"version-history":[{"count":13,"href":"https:\/\/www.lagomaggioreboat.it\/fr\/wp-json\/wp\/v2\/pages\/3908\/revisions"}],"predecessor-version":[{"id":5296,"href":"https:\/\/www.lagomaggioreboat.it\/fr\/wp-json\/wp\/v2\/pages\/3908\/revisions\/5296"}],"wp:attachment":[{"href":"https:\/\/www.lagomaggioreboat.it\/fr\/wp-json\/wp\/v2\/media?parent=3908"}],"curies":[{"name":"wp","href":"https:\/\/api.w.org\/{rel}","templated":true}]}}