{"id":3912,"date":"2024-07-08T16:33:08","date_gmt":"2024-07-08T14:33:08","guid":{"rendered":"http:\/\/test.lagomaggioreboat.it\/crociere-notturne\/"},"modified":"2024-08-19T12:15:10","modified_gmt":"2024-08-19T10:15:10","slug":"eine-nachtfahrt","status":"publish","type":"page","link":"https:\/\/www.lagomaggioreboat.it\/de\/eine-nachtfahrt\/","title":{"rendered":"Eine Nachtfahrt"},"content":{"rendered":"\t\t<div data-elementor-type=\"wp-page\" data-elementor-id=\"3912\" class=\"elementor elementor-3912 elementor-3084\">\n\t\t\t\t\t\t<section class=\"elementor-section elementor-top-section elementor-element elementor-element-9b4f465 elementor-section-boxed elementor-section-height-default elementor-section-height-default\" data-id=\"9b4f465\" data-element_type=\"section\">\n\t\t\t\t\t\t<div class=\"elementor-container elementor-column-gap-default\">\n\t\t\t\t\t<div class=\"elementor-column elementor-col-50 elementor-top-column elementor-element elementor-element-cd14776\" data-id=\"cd14776\" data-element_type=\"column\">\n\t\t\t<div class=\"elementor-widget-wrap elementor-element-populated\">\n\t\t\t\t\t\t<div class=\"elementor-element elementor-element-e488b91 elementor-widget__width-initial divider-yes aleft elementor-widget elementor-widget-wgl-double-heading\" data-id=\"e488b91\" data-element_type=\"widget\" data-widget_type=\"wgl-double-heading.default\">\n\t\t\t\t<div class=\"elementor-widget-container\">\n\t\t\t\t\t<div class=\"wgl-double-heading\"><div class=\"dblh__subtitle\">Dienstleistungen lagomaggioreboat<\/div><h1 class=\"dblh__title-wrapper\"><span class=\"dblh__title dblh__title-1\">Nachtkreuzfahrten zur Entdeckung des Lago Maggiore<\/span><\/h1><\/div>\t\t\t\t<\/div>\n\t\t\t\t<\/div>\n\t\t\t\t<div class=\"elementor-element elementor-element-0d942ba elementor-widget elementor-widget-spacer\" data-id=\"0d942ba\" data-element_type=\"widget\" data-widget_type=\"spacer.default\">\n\t\t\t\t<div class=\"elementor-widget-container\">\n\t\t\t\t\t\t\t<div class=\"elementor-spacer\">\n\t\t\t<div class=\"elementor-spacer-inner\"><\/div>\n\t\t<\/div>\n\t\t\t\t\t\t<\/div>\n\t\t\t\t<\/div>\n\t\t\t\t\t<\/div>\n\t\t<\/div>\n\t\t\t\t<div class=\"elementor-column elementor-col-50 elementor-top-column elementor-element elementor-element-d1d296f\" data-id=\"d1d296f\" data-element_type=\"column\">\n\t\t\t<div class=\"elementor-widget-wrap elementor-element-populated\">\n\t\t\t\t\t\t<div class=\"elementor-element elementor-element-af52321 elementor-widget elementor-widget-text-editor\" data-id=\"af52321\" data-element_type=\"widget\" data-widget_type=\"text-editor.default\">\n\t\t\t\t<div class=\"elementor-widget-container\">\n\t\t\t\t\t\t\t\t\t<p><strong>Eine Nachtfahrt auf dem Lago Maggiore<\/strong> ist zweifellos die eindrucksvollste und aufregendste Art, um den See von seiner romantischen Seite kennenzulernen und die beleuchteten Ufer der wundersch\u00f6nen <strong>Insel Boromee<\/strong> und die K\u00fcstenlinie mit ihren zauberhaften antiken Villen und ihren D\u00f6rfchen zu bewundern. Es ist m\u00f6glich, w\u00e4hrend der\u00a0Nachtfahrt Aperitifs auf dem Boot zu organisieren.<\/p>\t\t\t\t\t\t\t\t<\/div>\n\t\t\t\t<\/div>\n\t\t\t\t\t<\/div>\n\t\t<\/div>\n\t\t\t\t\t<\/div>\n\t\t<\/section>\n\t\t\t\t<section class=\"elementor-section elementor-top-section elementor-element elementor-element-b033e2c elementor-section-full_width elementor-section-height-default elementor-section-height-default\" data-id=\"b033e2c\" data-element_type=\"section\" data-settings=\"{&quot;background_background&quot;:&quot;classic&quot;}\">\n\t\t\t\t\t\t<div class=\"elementor-container elementor-column-gap-no\">\n\t\t\t\t\t<div class=\"elementor-column elementor-col-100 elementor-top-column elementor-element elementor-element-d66f147\" data-id=\"d66f147\" data-element_type=\"column\">\n\t\t\t<div class=\"elementor-widget-wrap elementor-element-populated\">\n\t\t\t\t\t\t<section class=\"elementor-section elementor-inner-section elementor-element elementor-element-063d4bd elementor-section-full_width elementor-section-height-default elementor-section-height-default\" data-id=\"063d4bd\" data-element_type=\"section\">\n\t\t\t\t\t\t<div class=\"elementor-container elementor-column-gap-no\">\n\t\t\t\t\t<div class=\"elementor-column elementor-col-50 elementor-inner-column elementor-element elementor-element-07cdf95\" data-id=\"07cdf95\" data-element_type=\"column\" data-settings=\"{&quot;background_background&quot;:&quot;classic&quot;}\">\n\t\t\t<div class=\"elementor-widget-wrap elementor-element-populated\">\n\t\t\t\t\t\t<div class=\"elementor-element elementor-element-26987c5 elementor-widget elementor-widget-spacer\" data-id=\"26987c5\" data-element_type=\"widget\" data-widget_type=\"spacer.default\">\n\t\t\t\t<div class=\"elementor-widget-container\">\n\t\t\t\t\t\t\t<div class=\"elementor-spacer\">\n\t\t\t<div class=\"elementor-spacer-inner\"><\/div>\n\t\t<\/div>\n\t\t\t\t\t\t<\/div>\n\t\t\t\t<\/div>\n\t\t\t\t\t<\/div>\n\t\t<\/div>\n\t\t\t\t<div class=\"elementor-column elementor-col-50 elementor-inner-column elementor-element elementor-element-c2ea5b4\" data-id=\"c2ea5b4\" data-element_type=\"column\">\n\t\t\t<div class=\"elementor-widget-wrap elementor-element-populated\">\n\t\t\t\t\t\t<div class=\"elementor-element elementor-element-6895020 elementor-widget__width-initial elementor-widget-tablet__width-inherit divider-yes aleft elementor-widget elementor-widget-wgl-double-heading\" data-id=\"6895020\" data-element_type=\"widget\" data-widget_type=\"wgl-double-heading.default\">\n\t\t\t\t<div class=\"elementor-widget-container\">\n\t\t\t\t\t<div class=\"wgl-double-heading\"><div class=\"dblh__subtitle\">Folge unseren Tipps<\/div><h3 class=\"dblh__title-wrapper\"><span class=\"dblh__title dblh__title-1\">Gestalte dein Erlebnis an Bord individuell<\/span><\/h3><div class=\"dblh__content\"><p>Es besteht die M\u00f6glichkeit, die Nachtfahrt auf dem See mit den <strong>Feuerwerk-Auff\u00fchrungen<\/strong> zu verbinden, welche in den Monaten Juli und August die Feste und Veranstaltungen an den Ufern beleuchten. Sie k\u00f6nnen so das beeindruckende Schauspiel der Feuerwerke von einer ganz besonders privilegierten Stelle aus bewundern: dem <strong>Lago Maggiore<\/strong>!<\/p><\/div><\/div>\t\t\t\t<\/div>\n\t\t\t\t<\/div>\n\t\t\t\t<div class=\"elementor-element elementor-element-18d180f elementor-widget elementor-widget-spacer\" data-id=\"18d180f\" data-element_type=\"widget\" data-widget_type=\"spacer.default\">\n\t\t\t\t<div class=\"elementor-widget-container\">\n\t\t\t\t\t\t\t<div class=\"elementor-spacer\">\n\t\t\t<div class=\"elementor-spacer-inner\"><\/div>\n\t\t<\/div>\n\t\t\t\t\t\t<\/div>\n\t\t\t\t<\/div>\n\t\t\t\t\t<\/div>\n\t\t<\/div>\n\t\t\t\t\t<\/div>\n\t\t<\/section>\n\t\t\t\t\t<\/div>\n\t\t<\/div>\n\t\t\t\t\t<\/div>\n\t\t<\/section>\n\t\t\t\t<section class=\"elementor-section elementor-top-section elementor-element elementor-element-90cd20f elementor-section-full_width elementor-section-content-middle elementor-section-height-default elementor-section-height-default\" data-id=\"90cd20f\" data-element_type=\"section\">\n\t\t\t\t\t\t\t<div class=\"elementor-background-overlay\"><\/div>\n\t\t\t\t\t\t\t<div class=\"elementor-container elementor-column-gap-no\">\n\t\t\t\t\t<div class=\"elementor-column elementor-col-100 elementor-top-column elementor-element elementor-element-2758dc7\" data-id=\"2758dc7\" data-element_type=\"column\">\n\t\t\t<div class=\"elementor-widget-wrap elementor-element-populated\">\n\t\t\t\t\t\t<div class=\"elementor-element elementor-element-2c4a9c7 elementor-widget elementor-widget-wgl-text-path\" data-id=\"2c4a9c7\" data-element_type=\"widget\" data-settings=\"{&quot;text&quot;:&quot;Bootstour zur Entdeckung des Lago Maggiore&quot;,&quot;animation_speed&quot;:70000,&quot;link&quot;:{&quot;url&quot;:&quot;&quot;,&quot;is_external&quot;:&quot;&quot;,&quot;nofollow&quot;:&quot;&quot;,&quot;custom_attributes&quot;:&quot;&quot;},&quot;start_point&quot;:{&quot;unit&quot;:&quot;%&quot;,&quot;size&quot;:100,&quot;sizes&quot;:[]},&quot;start_point_tablet&quot;:{&quot;unit&quot;:&quot;px&quot;,&quot;size&quot;:&quot;&quot;,&quot;sizes&quot;:[]},&quot;start_point_mobile&quot;:{&quot;unit&quot;:&quot;px&quot;,&quot;size&quot;:&quot;&quot;,&quot;sizes&quot;:[]},&quot;end_point&quot;:{&quot;unit&quot;:&quot;%&quot;,&quot;size&quot;:-10,&quot;sizes&quot;:[]},&quot;end_point_tablet&quot;:{&quot;unit&quot;:&quot;px&quot;,&quot;size&quot;:&quot;&quot;,&quot;sizes&quot;:[]},&quot;end_point_mobile&quot;:{&quot;unit&quot;:&quot;px&quot;,&quot;size&quot;:&quot;&quot;,&quot;sizes&quot;:[]}}\" data-widget_type=\"wgl-text-path.default\">\n\t\t\t\t<div class=\"elementor-widget-container\">\n\t\t\t\t\t\t\t<div class=\"wgl-text-path loop_animation  clone_text  stop_on_hover\" data-backspace-count=\"\" data-type-svg=\"wgl_line_simple\" data-text=\"Bootstour zur Entdeckung des Lago Maggiore\">\r\n\t\t\t<div class=\"simple_line\"><\/div>\t\t\t\t\t<\/div>\r\n\t\t\t\t\t\t<\/div>\n\t\t\t\t<\/div>\n\t\t\t\t\t<\/div>\n\t\t<\/div>\n\t\t\t\t\t<\/div>\n\t\t<\/section>\n\t\t\t\t<section class=\"elementor-section elementor-top-section elementor-element elementor-element-6063990 elementor-section-boxed elementor-section-height-default elementor-section-height-default\" data-id=\"6063990\" data-element_type=\"section\">\n\t\t\t\t\t\t<div class=\"elementor-container elementor-column-gap-default\">\n\t\t\t\t\t<div class=\"elementor-column elementor-col-66 elementor-top-column elementor-element elementor-element-6e1caa0\" data-id=\"6e1caa0\" data-element_type=\"column\">\n\t\t\t<div class=\"elementor-widget-wrap elementor-element-populated\">\n\t\t\t\t\t\t<div class=\"elementor-element elementor-element-193db5b elementor-widget__width-initial divider-yes aleft elementor-widget elementor-widget-wgl-double-heading\" data-id=\"193db5b\" data-element_type=\"widget\" data-widget_type=\"wgl-double-heading.default\">\n\t\t\t\t<div class=\"elementor-widget-container\">\n\t\t\t\t\t<div class=\"wgl-double-heading\"><div class=\"dblh__subtitle\">Ma\u00dfgeschneiderte Angebote<\/div><h3 class=\"dblh__title-wrapper\"><span class=\"dblh__title dblh__title-1\">Vuoi vivere l'emozione di una crociera sul Lago Maggiore in notturna?<\/span><\/h3><div class=\"dblh__content\"><p>Jedes Angebot wird eigens erarbeitet und personalisiert gem\u00e4\u00df Ihren Bed\u00fcrfnissen<\/p><\/div><\/div>\t\t\t\t<\/div>\n\t\t\t\t<\/div>\n\t\t\t\t\t<\/div>\n\t\t<\/div>\n\t\t\t\t<div class=\"elementor-column elementor-col-33 elementor-top-column elementor-element elementor-element-5d568f2\" data-id=\"5d568f2\" data-element_type=\"column\">\n\t\t\t<div class=\"elementor-widget-wrap elementor-element-populated\">\n\t\t\t\t\t\t<div class=\"elementor-element elementor-element-15bab92 elementor-widget__width-auto aleft elementor-widget-icon-box wgl-icon-box elementor-widget elementor-widget-wgl-button\" data-id=\"15bab92\" data-element_type=\"widget\" data-widget_type=\"wgl-button.default\">\n\t\t\t\t<div class=\"elementor-widget-container\">\n\t\t\t\t\t<a  class=\"wgl-button btn-size-xl \" role=\"button\" href=\"\/de\/kontakte\/\"><div class=\"button__content align-icon-left\"><div class=\"media-wrapper icon-wrapper\"><span class=\"wgl-icon\" ><i class=\"icon elementor-icon flaticon flaticon-plus-sign\" aria-hidden=\"true\"><\/i><\/span><\/div><span class=\"button__text\">Kontaktieren Sie uns f\u00fcr Informationen<\/span><\/div><\/a>\t\t\t\t<\/div>\n\t\t\t\t<\/div>\n\t\t\t\t<div class=\"elementor-element elementor-element-33d2cac elementor-widget elementor-widget-spacer\" data-id=\"33d2cac\" data-element_type=\"widget\" data-widget_type=\"spacer.default\">\n\t\t\t\t<div class=\"elementor-widget-container\">\n\t\t\t\t\t\t\t<div class=\"elementor-spacer\">\n\t\t\t<div class=\"elementor-spacer-inner\"><\/div>\n\t\t<\/div>\n\t\t\t\t\t\t<\/div>\n\t\t\t\t<\/div>\n\t\t\t\t\t<\/div>\n\t\t<\/div>\n\t\t\t\t\t<\/div>\n\t\t<\/section>\n\t\t\t\t<\/div>\n\t\t","protected":false},"excerpt":{"rendered":"<p>Dienstleistungen lagomaggioreboat Nachtkreuzfahrten zur Entdeckung des Lago Maggiore Eine Nachtfahrt auf dem Lago Maggiore ist zweifellos die eindrucksvollste und aufregendste Art, um den See von seiner romantischen Seite kennenzulernen und die beleuchteten Ufer der wundersch\u00f6nen Insel Boromee und die K\u00fcstenlinie mit ihren zauberhaften antiken Villen und ihren D\u00f6rfchen zu bewundern. Es ist m\u00f6glich, w\u00e4hrend der\u00a0Nachtfahrt [&hellip;]<\/p>\n","protected":false},"author":1,"featured_media":0,"parent":0,"menu_order":0,"comment_status":"closed","ping_status":"closed","template":"","meta":{"footnotes":""},"class_list":["post-3912","page","type-page","status-publish","hentry"],"yoast_head":"<!-- This site is optimized with the Yoast SEO plugin v26.3 - https:\/\/yoast.com\/wordpress\/plugins\/seo\/ -->\n<title>Nachtkreuzfahrten zur Entdeckung des Lago Maggiore<\/title>\n<meta name=\"robots\" content=\"index, follow, max-snippet:-1, max-image-preview:large, max-video-preview:-1\" \/>\n<link rel=\"canonical\" href=\"https:\/\/www.lagomaggioreboat.it\/de\/eine-nachtfahrt\/\" \/>\n<meta property=\"og:locale\" content=\"de_DE\" \/>\n<meta property=\"og:type\" content=\"article\" \/>\n<meta property=\"og:title\" content=\"Nachtkreuzfahrten zur Entdeckung des Lago Maggiore\" \/>\n<meta property=\"og:description\" content=\"Dienstleistungen lagomaggioreboat Nachtkreuzfahrten zur Entdeckung des Lago Maggiore Eine Nachtfahrt auf dem Lago Maggiore ist zweifellos die eindrucksvollste und aufregendste Art, um den See von seiner romantischen Seite kennenzulernen und die beleuchteten Ufer der wundersch\u00f6nen Insel Boromee und die K\u00fcstenlinie mit ihren zauberhaften antiken Villen und ihren D\u00f6rfchen zu bewundern. Es ist m\u00f6glich, w\u00e4hrend der\u00a0Nachtfahrt [&hellip;]\" \/>\n<meta property=\"og:url\" content=\"https:\/\/www.lagomaggioreboat.it\/de\/eine-nachtfahrt\/\" \/>\n<meta property=\"og:site_name\" content=\"Lagomaggioreboat\" \/>\n<meta property=\"article:publisher\" content=\"https:\/\/www.facebook.com\/Lagomaggioreboat\" \/>\n<meta property=\"article:modified_time\" content=\"2024-08-19T10:15:10+00:00\" \/>\n<meta name=\"twitter:card\" content=\"summary_large_image\" \/>\n<meta name=\"twitter:label1\" content=\"Gesch\u00e4tzte Lesezeit\" \/>\n\t<meta name=\"twitter:data1\" content=\"1\u00a0Minute\" \/>\n<script type=\"application\/ld+json\" class=\"yoast-schema-graph\">{\"@context\":\"https:\/\/schema.org\",\"@graph\":[{\"@type\":\"WebPage\",\"@id\":\"https:\/\/www.lagomaggioreboat.it\/de\/eine-nachtfahrt\/\",\"url\":\"https:\/\/www.lagomaggioreboat.it\/de\/eine-nachtfahrt\/\",\"name\":\"Nachtkreuzfahrten zur Entdeckung des Lago Maggiore\",\"isPartOf\":{\"@id\":\"https:\/\/www.lagomaggioreboat.it\/de\/#website\"},\"datePublished\":\"2024-07-08T14:33:08+00:00\",\"dateModified\":\"2024-08-19T10:15:10+00:00\",\"breadcrumb\":{\"@id\":\"https:\/\/www.lagomaggioreboat.it\/de\/eine-nachtfahrt\/#breadcrumb\"},\"inLanguage\":\"de\",\"potentialAction\":[{\"@type\":\"ReadAction\",\"target\":[\"https:\/\/www.lagomaggioreboat.it\/de\/eine-nachtfahrt\/\"]}]},{\"@type\":\"BreadcrumbList\",\"@id\":\"https:\/\/www.lagomaggioreboat.it\/de\/eine-nachtfahrt\/#breadcrumb\",\"itemListElement\":[{\"@type\":\"ListItem\",\"position\":1,\"name\":\"Home\",\"item\":\"https:\/\/www.lagomaggioreboat.it\/de\/\"},{\"@type\":\"ListItem\",\"position\":2,\"name\":\"Eine Nachtfahrt\"}]},{\"@type\":\"WebSite\",\"@id\":\"https:\/\/www.lagomaggioreboat.it\/de\/#website\",\"url\":\"https:\/\/www.lagomaggioreboat.it\/de\/\",\"name\":\"Lagomaggioreboat\",\"description\":\"Navigazione sul Lago Maggiore\",\"publisher\":{\"@id\":\"https:\/\/www.lagomaggioreboat.it\/de\/#organization\"},\"potentialAction\":[{\"@type\":\"SearchAction\",\"target\":{\"@type\":\"EntryPoint\",\"urlTemplate\":\"https:\/\/www.lagomaggioreboat.it\/de\/?s={search_term_string}\"},\"query-input\":{\"@type\":\"PropertyValueSpecification\",\"valueRequired\":true,\"valueName\":\"search_term_string\"}}],\"inLanguage\":\"de\"},{\"@type\":\"Organization\",\"@id\":\"https:\/\/www.lagomaggioreboat.it\/de\/#organization\",\"name\":\"Lagomaggioreboat\",\"url\":\"https:\/\/www.lagomaggioreboat.it\/de\/\",\"logo\":{\"@type\":\"ImageObject\",\"inLanguage\":\"de\",\"@id\":\"https:\/\/www.lagomaggioreboat.it\/de\/#\/schema\/logo\/image\/\",\"url\":\"https:\/\/www.lagomaggioreboat.it\/wp-content\/uploads\/2022\/10\/logo-lagomaggioreboat.png\",\"contentUrl\":\"https:\/\/www.lagomaggioreboat.it\/wp-content\/uploads\/2022\/10\/logo-lagomaggioreboat.png\",\"width\":721,\"height\":148,\"caption\":\"Lagomaggioreboat\"},\"image\":{\"@id\":\"https:\/\/www.lagomaggioreboat.it\/de\/#\/schema\/logo\/image\/\"},\"sameAs\":[\"https:\/\/www.facebook.com\/Lagomaggioreboat\"]}]}<\/script>\n<!-- \/ Yoast SEO plugin. -->","yoast_head_json":{"title":"Nachtkreuzfahrten zur Entdeckung des Lago Maggiore","robots":{"index":"index","follow":"follow","max-snippet":"max-snippet:-1","max-image-preview":"max-image-preview:large","max-video-preview":"max-video-preview:-1"},"canonical":"https:\/\/www.lagomaggioreboat.it\/de\/eine-nachtfahrt\/","og_locale":"de_DE","og_type":"article","og_title":"Nachtkreuzfahrten zur Entdeckung des Lago Maggiore","og_description":"Dienstleistungen lagomaggioreboat Nachtkreuzfahrten zur Entdeckung des Lago Maggiore Eine Nachtfahrt auf dem Lago Maggiore ist zweifellos die eindrucksvollste und aufregendste Art, um den See von seiner romantischen Seite kennenzulernen und die beleuchteten Ufer der wundersch\u00f6nen Insel Boromee und die K\u00fcstenlinie mit ihren zauberhaften antiken Villen und ihren D\u00f6rfchen zu bewundern. Es ist m\u00f6glich, w\u00e4hrend der\u00a0Nachtfahrt [&hellip;]","og_url":"https:\/\/www.lagomaggioreboat.it\/de\/eine-nachtfahrt\/","og_site_name":"Lagomaggioreboat","article_publisher":"https:\/\/www.facebook.com\/Lagomaggioreboat","article_modified_time":"2024-08-19T10:15:10+00:00","twitter_card":"summary_large_image","twitter_misc":{"Gesch\u00e4tzte Lesezeit":"1\u00a0Minute"},"schema":{"@context":"https:\/\/schema.org","@graph":[{"@type":"WebPage","@id":"https:\/\/www.lagomaggioreboat.it\/de\/eine-nachtfahrt\/","url":"https:\/\/www.lagomaggioreboat.it\/de\/eine-nachtfahrt\/","name":"Nachtkreuzfahrten zur Entdeckung des Lago Maggiore","isPartOf":{"@id":"https:\/\/www.lagomaggioreboat.it\/de\/#website"},"datePublished":"2024-07-08T14:33:08+00:00","dateModified":"2024-08-19T10:15:10+00:00","breadcrumb":{"@id":"https:\/\/www.lagomaggioreboat.it\/de\/eine-nachtfahrt\/#breadcrumb"},"inLanguage":"de","potentialAction":[{"@type":"ReadAction","target":["https:\/\/www.lagomaggioreboat.it\/de\/eine-nachtfahrt\/"]}]},{"@type":"BreadcrumbList","@id":"https:\/\/www.lagomaggioreboat.it\/de\/eine-nachtfahrt\/#breadcrumb","itemListElement":[{"@type":"ListItem","position":1,"name":"Home","item":"https:\/\/www.lagomaggioreboat.it\/de\/"},{"@type":"ListItem","position":2,"name":"Eine Nachtfahrt"}]},{"@type":"WebSite","@id":"https:\/\/www.lagomaggioreboat.it\/de\/#website","url":"https:\/\/www.lagomaggioreboat.it\/de\/","name":"Lagomaggioreboat","description":"Navigazione sul Lago Maggiore","publisher":{"@id":"https:\/\/www.lagomaggioreboat.it\/de\/#organization"},"potentialAction":[{"@type":"SearchAction","target":{"@type":"EntryPoint","urlTemplate":"https:\/\/www.lagomaggioreboat.it\/de\/?s={search_term_string}"},"query-input":{"@type":"PropertyValueSpecification","valueRequired":true,"valueName":"search_term_string"}}],"inLanguage":"de"},{"@type":"Organization","@id":"https:\/\/www.lagomaggioreboat.it\/de\/#organization","name":"Lagomaggioreboat","url":"https:\/\/www.lagomaggioreboat.it\/de\/","logo":{"@type":"ImageObject","inLanguage":"de","@id":"https:\/\/www.lagomaggioreboat.it\/de\/#\/schema\/logo\/image\/","url":"https:\/\/www.lagomaggioreboat.it\/wp-content\/uploads\/2022\/10\/logo-lagomaggioreboat.png","contentUrl":"https:\/\/www.lagomaggioreboat.it\/wp-content\/uploads\/2022\/10\/logo-lagomaggioreboat.png","width":721,"height":148,"caption":"Lagomaggioreboat"},"image":{"@id":"https:\/\/www.lagomaggioreboat.it\/de\/#\/schema\/logo\/image\/"},"sameAs":["https:\/\/www.facebook.com\/Lagomaggioreboat"]}]}},"_links":{"self":[{"href":"https:\/\/www.lagomaggioreboat.it\/de\/wp-json\/wp\/v2\/pages\/3912","targetHints":{"allow":["GET"]}}],"collection":[{"href":"https:\/\/www.lagomaggioreboat.it\/de\/wp-json\/wp\/v2\/pages"}],"about":[{"href":"https:\/\/www.lagomaggioreboat.it\/de\/wp-json\/wp\/v2\/types\/page"}],"author":[{"embeddable":true,"href":"https:\/\/www.lagomaggioreboat.it\/de\/wp-json\/wp\/v2\/users\/1"}],"replies":[{"embeddable":true,"href":"https:\/\/www.lagomaggioreboat.it\/de\/wp-json\/wp\/v2\/comments?post=3912"}],"version-history":[{"count":13,"href":"https:\/\/www.lagomaggioreboat.it\/de\/wp-json\/wp\/v2\/pages\/3912\/revisions"}],"predecessor-version":[{"id":5278,"href":"https:\/\/www.lagomaggioreboat.it\/de\/wp-json\/wp\/v2\/pages\/3912\/revisions\/5278"}],"wp:attachment":[{"href":"https:\/\/www.lagomaggioreboat.it\/de\/wp-json\/wp\/v2\/media?parent=3912"}],"curies":[{"name":"wp","href":"https:\/\/api.w.org\/{rel}","templated":true}]}}